{"id":137,"date":"2017-05-26T00:13:25","date_gmt":"2017-05-25T22:13:25","guid":{"rendered":"http:\/\/www.bs-conseils.fr\/?page_id=137"},"modified":"2017-10-22T22:17:24","modified_gmt":"2017-10-22T20:17:24","slug":"reseaux-sociaux","status":"publish","type":"page","link":"https:\/\/www.bs-conseils.fr\/index.php\/reseaux-sociaux\/","title":{"rendered":"R\u00e9seaux sociaux"},"content":{"rendered":"<p>Fil twitter de Bruno SANLAVILLE (@brunosanlaville), fondateur de BUSINESS STRAT\u00c9GIE CONSEILS. Tous les actualit\u00e9s du secteur du dernier kilom\u00e8tre dans le e-commerce et la logistique urbaine.<\/p>\n<p><img data-recalc-dims=\"1\" loading=\"lazy\" decoding=\"async\" data-attachment-id=\"2028\" data-permalink=\"https:\/\/www.bs-conseils.fr\/index.php\/reseaux-sociaux\/twitter_logo_\/\" data-orig-file=\"https:\/\/i0.wp.com\/www.bs-conseils.fr\/wp-content\/uploads\/2017\/05\/Twitter_logo_.png?fit=1280%2C298&amp;ssl=1\" data-orig-size=\"1280,298\" data-comments-opened=\"1\" data-image-meta=\"{&quot;aperture&quot;:&quot;0&quot;,&quot;credit&quot;:&quot;&quot;,&quot;camera&quot;:&quot;&quot;,&quot;caption&quot;:&quot;&quot;,&quot;created_timestamp&quot;:&quot;0&quot;,&quot;copyright&quot;:&quot;&quot;,&quot;focal_length&quot;:&quot;0&quot;,&quot;iso&quot;:&quot;0&quot;,&quot;shutter_speed&quot;:&quot;0&quot;,&quot;title&quot;:&quot;&quot;,&quot;orientation&quot;:&quot;0&quot;}\" data-image-title=\"Twitter_logo_\" data-image-description=\"\" data-image-caption=\"\" data-large-file=\"https:\/\/i0.wp.com\/www.bs-conseils.fr\/wp-content\/uploads\/2017\/05\/Twitter_logo_.png?fit=848%2C197&amp;ssl=1\" class=\"alignnone wp-image-2028 size-medium\" title=\"Twitter BUSINESS STRAT\u00c9GIE CONSEILS @brunosanlaville\" src=\"https:\/\/i0.wp.com\/www.bs-conseils.fr\/wp-content\/uploads\/2017\/05\/Twitter_logo_-300x70.png?resize=300%2C70\" alt=\"Twitter BUSINESS STRAT\u00c9GIE CONSEILS @brunosanlaville\" width=\"300\" height=\"70\" srcset=\"https:\/\/i0.wp.com\/www.bs-conseils.fr\/wp-content\/uploads\/2017\/05\/Twitter_logo_.png?resize=300%2C70&amp;ssl=1 300w, https:\/\/i0.wp.com\/www.bs-conseils.fr\/wp-content\/uploads\/2017\/05\/Twitter_logo_.png?resize=768%2C179&amp;ssl=1 768w, https:\/\/i0.wp.com\/www.bs-conseils.fr\/wp-content\/uploads\/2017\/05\/Twitter_logo_.png?resize=1024%2C238&amp;ssl=1 1024w, https:\/\/i0.wp.com\/www.bs-conseils.fr\/wp-content\/uploads\/2017\/05\/Twitter_logo_.png?w=1280&amp;ssl=1 1280w\" sizes=\"auto, (max-width: 300px) 100vw, 300px\" \/><\/p>\n<p><a class=\"twitter-timeline\" href=\"https:\/\/twitter.com\/brunosanlaville\" data-link-color=\"#19CF86\">Tweets by brunosanlaville<\/a> <script async src=\"\/\/platform.twitter.com\/widgets.js\" charset=\"utf-8\"><\/script><\/p>\n","protected":false},"excerpt":{"rendered":"<p>Fil twitter de Bruno SANLAVILLE (@brunosanlaville), fondateur de BUSINESS STRAT\u00c9GIE CONSEILS. Tous les actualit\u00e9s du secteur du dernier kilom\u00e8tre dans le e-commerce et la logistique urbaine. Tweets by brunosanlaville<\/p>\n","protected":false},"author":1,"featured_media":0,"parent":0,"menu_order":0,"comment_status":"closed","ping_status":"closed","template":"","meta":{"content-type":"","_joinchat":[],"footnotes":""},"class_list":["post-137","page","type-page","status-publish","hentry"],"yoast_head":"<!-- This site is optimized with the Yoast SEO plugin v24.9 - https:\/\/yoast.com\/wordpress\/plugins\/seo\/ -->\n<title>R\u00e9seaux sociaux - BUSINESS STRAT\u00c9GIE CONSEILS<\/title>\n<meta name=\"description\" content=\"Retrouvez le fil twitter de Bruno SANLAVILLE, fondateur de BUSINESS STRAT\u00c9GIE CONSEILS. Tous les actualit\u00e9s du secteur du dernier kilom\u00e8tre\" \/>\n<meta name=\"robots\" content=\"index, follow, max-snippet:-1, max-image-preview:large, max-video-preview:-1\" \/>\n<link rel=\"canonical\" href=\"https:\/\/www.bs-conseils.fr\/index.php\/reseaux-sociaux\/\" \/>\n<meta property=\"og:locale\" content=\"fr_FR\" \/>\n<meta property=\"og:type\" content=\"article\" \/>\n<meta property=\"og:title\" content=\"R\u00e9seaux sociaux - BUSINESS STRAT\u00c9GIE CONSEILS\" \/>\n<meta property=\"og:description\" content=\"Retrouvez le fil twitter de Bruno SANLAVILLE, fondateur de BUSINESS STRAT\u00c9GIE CONSEILS. Tous les actualit\u00e9s du secteur du dernier kilom\u00e8tre\" \/>\n<meta property=\"og:url\" content=\"https:\/\/www.bs-conseils.fr\/index.php\/reseaux-sociaux\/\" \/>\n<meta property=\"og:site_name\" content=\"BUSINESS STRAT\u00c9GIE CONSEILS\" \/>\n<meta property=\"article:publisher\" content=\"https:\/\/www.facebook.com\/BusinessStrategieConseils\/\" \/>\n<meta property=\"article:modified_time\" content=\"2017-10-22T20:17:24+00:00\" \/>\n<meta property=\"og:image\" content=\"http:\/\/www.bs-conseils.fr\/wp-content\/uploads\/2017\/05\/Twitter_logo_-300x70.png\" \/>\n<meta name=\"twitter:card\" content=\"summary_large_image\" \/>\n<meta name=\"twitter:site\" content=\"@brunosanlaville\" \/>\n<script type=\"application\/ld+json\" class=\"yoast-schema-graph\">{\"@context\":\"https:\/\/schema.org\",\"@graph\":[{\"@type\":\"WebPage\",\"@id\":\"https:\/\/www.bs-conseils.fr\/index.php\/reseaux-sociaux\/\",\"url\":\"https:\/\/www.bs-conseils.fr\/index.php\/reseaux-sociaux\/\",\"name\":\"R\u00e9seaux sociaux - BUSINESS STRAT\u00c9GIE CONSEILS\",\"isPartOf\":{\"@id\":\"https:\/\/www.bs-conseils.fr\/#website\"},\"primaryImageOfPage\":{\"@id\":\"https:\/\/www.bs-conseils.fr\/index.php\/reseaux-sociaux\/#primaryimage\"},\"image\":{\"@id\":\"https:\/\/www.bs-conseils.fr\/index.php\/reseaux-sociaux\/#primaryimage\"},\"thumbnailUrl\":\"http:\/\/www.bs-conseils.fr\/wp-content\/uploads\/2017\/05\/Twitter_logo_-300x70.png\",\"datePublished\":\"2017-05-25T22:13:25+00:00\",\"dateModified\":\"2017-10-22T20:17:24+00:00\",\"description\":\"Retrouvez le fil twitter de Bruno SANLAVILLE, fondateur de BUSINESS STRAT\u00c9GIE CONSEILS. Tous les actualit\u00e9s du secteur du dernier kilom\u00e8tre\",\"breadcrumb\":{\"@id\":\"https:\/\/www.bs-conseils.fr\/index.php\/reseaux-sociaux\/#breadcrumb\"},\"inLanguage\":\"fr-FR\",\"potentialAction\":[{\"@type\":\"ReadAction\",\"target\":[\"https:\/\/www.bs-conseils.fr\/index.php\/reseaux-sociaux\/\"]}]},{\"@type\":\"ImageObject\",\"inLanguage\":\"fr-FR\",\"@id\":\"https:\/\/www.bs-conseils.fr\/index.php\/reseaux-sociaux\/#primaryimage\",\"url\":\"http:\/\/www.bs-conseils.fr\/wp-content\/uploads\/2017\/05\/Twitter_logo_-300x70.png\",\"contentUrl\":\"http:\/\/www.bs-conseils.fr\/wp-content\/uploads\/2017\/05\/Twitter_logo_-300x70.png\"},{\"@type\":\"BreadcrumbList\",\"@id\":\"https:\/\/www.bs-conseils.fr\/index.php\/reseaux-sociaux\/#breadcrumb\",\"itemListElement\":[{\"@type\":\"ListItem\",\"position\":1,\"name\":\"Accueil\",\"item\":\"https:\/\/www.bs-conseils.fr\/\"},{\"@type\":\"ListItem\",\"position\":2,\"name\":\"R\u00e9seaux sociaux\"}]},{\"@type\":\"WebSite\",\"@id\":\"https:\/\/www.bs-conseils.fr\/#website\",\"url\":\"https:\/\/www.bs-conseils.fr\/\",\"name\":\"BUSINESS STRAT\u00c9GIE CONSEILS\",\"description\":\"Conseils en strat\u00e9gie dernier kilom\u00e8tre et logistique urbaine omnicanale dans les secteurs du E-commerce, du Retail et du Transport \u00e9coresponsable\",\"publisher\":{\"@id\":\"https:\/\/www.bs-conseils.fr\/#organization\"},\"potentialAction\":[{\"@type\":\"SearchAction\",\"target\":{\"@type\":\"EntryPoint\",\"urlTemplate\":\"https:\/\/www.bs-conseils.fr\/?s={search_term_string}\"},\"query-input\":{\"@type\":\"PropertyValueSpecification\",\"valueRequired\":true,\"valueName\":\"search_term_string\"}}],\"inLanguage\":\"fr-FR\"},{\"@type\":\"Organization\",\"@id\":\"https:\/\/www.bs-conseils.fr\/#organization\",\"name\":\"BUSINESS STRAT\u00c9GIE CONSEILS\",\"url\":\"https:\/\/www.bs-conseils.fr\/\",\"logo\":{\"@type\":\"ImageObject\",\"inLanguage\":\"fr-FR\",\"@id\":\"https:\/\/www.bs-conseils.fr\/#\/schema\/logo\/image\/\",\"url\":\"https:\/\/i0.wp.com\/www.bs-conseils.fr\/wp-content\/uploads\/2020\/07\/image.jpg?fit=640%2C640&ssl=1\",\"contentUrl\":\"https:\/\/i0.wp.com\/www.bs-conseils.fr\/wp-content\/uploads\/2020\/07\/image.jpg?fit=640%2C640&ssl=1\",\"width\":640,\"height\":640,\"caption\":\"BUSINESS STRAT\u00c9GIE CONSEILS\"},\"image\":{\"@id\":\"https:\/\/www.bs-conseils.fr\/#\/schema\/logo\/image\/\"},\"sameAs\":[\"https:\/\/www.facebook.com\/BusinessStrategieConseils\/\",\"https:\/\/x.com\/brunosanlaville\",\"https:\/\/www.instagram.com\/bsc_conseils\/\",\"https:\/\/www.linkedin.com\/company\/11130594\/\"]}]}<\/script>\n<!-- \/ Yoast SEO plugin. -->","yoast_head_json":{"title":"R\u00e9seaux sociaux - BUSINESS STRAT\u00c9GIE CONSEILS","description":"Retrouvez le fil twitter de Bruno SANLAVILLE, fondateur de BUSINESS STRAT\u00c9GIE CONSEILS. Tous les actualit\u00e9s du secteur du dernier kilom\u00e8tre","robots":{"index":"index","follow":"follow","max-snippet":"max-snippet:-1","max-image-preview":"max-image-preview:large","max-video-preview":"max-video-preview:-1"},"canonical":"https:\/\/www.bs-conseils.fr\/index.php\/reseaux-sociaux\/","og_locale":"fr_FR","og_type":"article","og_title":"R\u00e9seaux sociaux - BUSINESS STRAT\u00c9GIE CONSEILS","og_description":"Retrouvez le fil twitter de Bruno SANLAVILLE, fondateur de BUSINESS STRAT\u00c9GIE CONSEILS. Tous les actualit\u00e9s du secteur du dernier kilom\u00e8tre","og_url":"https:\/\/www.bs-conseils.fr\/index.php\/reseaux-sociaux\/","og_site_name":"BUSINESS STRAT\u00c9GIE CONSEILS","article_publisher":"https:\/\/www.facebook.com\/BusinessStrategieConseils\/","article_modified_time":"2017-10-22T20:17:24+00:00","og_image":[{"url":"http:\/\/www.bs-conseils.fr\/wp-content\/uploads\/2017\/05\/Twitter_logo_-300x70.png","type":"","width":"","height":""}],"twitter_card":"summary_large_image","twitter_site":"@brunosanlaville","schema":{"@context":"https:\/\/schema.org","@graph":[{"@type":"WebPage","@id":"https:\/\/www.bs-conseils.fr\/index.php\/reseaux-sociaux\/","url":"https:\/\/www.bs-conseils.fr\/index.php\/reseaux-sociaux\/","name":"R\u00e9seaux sociaux - BUSINESS STRAT\u00c9GIE CONSEILS","isPartOf":{"@id":"https:\/\/www.bs-conseils.fr\/#website"},"primaryImageOfPage":{"@id":"https:\/\/www.bs-conseils.fr\/index.php\/reseaux-sociaux\/#primaryimage"},"image":{"@id":"https:\/\/www.bs-conseils.fr\/index.php\/reseaux-sociaux\/#primaryimage"},"thumbnailUrl":"http:\/\/www.bs-conseils.fr\/wp-content\/uploads\/2017\/05\/Twitter_logo_-300x70.png","datePublished":"2017-05-25T22:13:25+00:00","dateModified":"2017-10-22T20:17:24+00:00","description":"Retrouvez le fil twitter de Bruno SANLAVILLE, fondateur de BUSINESS STRAT\u00c9GIE CONSEILS. Tous les actualit\u00e9s du secteur du dernier kilom\u00e8tre","breadcrumb":{"@id":"https:\/\/www.bs-conseils.fr\/index.php\/reseaux-sociaux\/#breadcrumb"},"inLanguage":"fr-FR","potentialAction":[{"@type":"ReadAction","target":["https:\/\/www.bs-conseils.fr\/index.php\/reseaux-sociaux\/"]}]},{"@type":"ImageObject","inLanguage":"fr-FR","@id":"https:\/\/www.bs-conseils.fr\/index.php\/reseaux-sociaux\/#primaryimage","url":"http:\/\/www.bs-conseils.fr\/wp-content\/uploads\/2017\/05\/Twitter_logo_-300x70.png","contentUrl":"http:\/\/www.bs-conseils.fr\/wp-content\/uploads\/2017\/05\/Twitter_logo_-300x70.png"},{"@type":"BreadcrumbList","@id":"https:\/\/www.bs-conseils.fr\/index.php\/reseaux-sociaux\/#breadcrumb","itemListElement":[{"@type":"ListItem","position":1,"name":"Accueil","item":"https:\/\/www.bs-conseils.fr\/"},{"@type":"ListItem","position":2,"name":"R\u00e9seaux sociaux"}]},{"@type":"WebSite","@id":"https:\/\/www.bs-conseils.fr\/#website","url":"https:\/\/www.bs-conseils.fr\/","name":"BUSINESS STRAT\u00c9GIE CONSEILS","description":"Conseils en strat\u00e9gie dernier kilom\u00e8tre et logistique urbaine omnicanale dans les secteurs du E-commerce, du Retail et du Transport \u00e9coresponsable","publisher":{"@id":"https:\/\/www.bs-conseils.fr\/#organization"},"potentialAction":[{"@type":"SearchAction","target":{"@type":"EntryPoint","urlTemplate":"https:\/\/www.bs-conseils.fr\/?s={search_term_string}"},"query-input":{"@type":"PropertyValueSpecification","valueRequired":true,"valueName":"search_term_string"}}],"inLanguage":"fr-FR"},{"@type":"Organization","@id":"https:\/\/www.bs-conseils.fr\/#organization","name":"BUSINESS STRAT\u00c9GIE CONSEILS","url":"https:\/\/www.bs-conseils.fr\/","logo":{"@type":"ImageObject","inLanguage":"fr-FR","@id":"https:\/\/www.bs-conseils.fr\/#\/schema\/logo\/image\/","url":"https:\/\/i0.wp.com\/www.bs-conseils.fr\/wp-content\/uploads\/2020\/07\/image.jpg?fit=640%2C640&ssl=1","contentUrl":"https:\/\/i0.wp.com\/www.bs-conseils.fr\/wp-content\/uploads\/2020\/07\/image.jpg?fit=640%2C640&ssl=1","width":640,"height":640,"caption":"BUSINESS STRAT\u00c9GIE CONSEILS"},"image":{"@id":"https:\/\/www.bs-conseils.fr\/#\/schema\/logo\/image\/"},"sameAs":["https:\/\/www.facebook.com\/BusinessStrategieConseils\/","https:\/\/x.com\/brunosanlaville","https:\/\/www.instagram.com\/bsc_conseils\/","https:\/\/www.linkedin.com\/company\/11130594\/"]}]}},"jetpack_sharing_enabled":true,"jetpack_shortlink":"https:\/\/wp.me\/P8OKKa-2d","jetpack_likes_enabled":true,"jetpack-related-posts":[{"id":117,"url":"https:\/\/www.bs-conseils.fr\/index.php\/offre\/","url_meta":{"origin":137,"position":0},"title":"Domaine d&rsquo;interventions","author":"Bruno Sanlaville","date":"25 mai 2017","format":false,"excerpt":"BSC, en tant que prestataire ind\u00e9pendant, \u00a0intervient sur un certain nombre de prestations notamment autours de la logistique du DERNIER KILOM\u00c8TRE\u00a0du e-commerce ou du retail mais aussi sur un spectre plus large de probl\u00e9matiques sur le\u00a0DIGITAL (dont Marketing, Communication et e-business)\u00a0ou de L'INNOVATION MARCH\u00c9 et le\u00a0BUSINESS DEVELOPMENT\u00a0(strat\u00e9gie commerciale, partenariat et\u2026","rel":"","context":"Article similaire","block_context":{"text":"Article similaire","link":""},"img":{"alt_text":"","src":"https:\/\/i0.wp.com\/www.bs-conseils.fr\/wp-content\/uploads\/2020\/06\/Business-Strate%CC%81gie-Conseils-Dernier-Kilome%CC%80tre-Conseils-en-Strate%CC%81gie.png?resize=350%2C200&ssl=1","width":350,"height":200,"srcset":"https:\/\/i0.wp.com\/www.bs-conseils.fr\/wp-content\/uploads\/2020\/06\/Business-Strate%CC%81gie-Conseils-Dernier-Kilome%CC%80tre-Conseils-en-Strate%CC%81gie.png?resize=350%2C200&ssl=1 1x, https:\/\/i0.wp.com\/www.bs-conseils.fr\/wp-content\/uploads\/2020\/06\/Business-Strate%CC%81gie-Conseils-Dernier-Kilome%CC%80tre-Conseils-en-Strate%CC%81gie.png?resize=525%2C300&ssl=1 1.5x, https:\/\/i0.wp.com\/www.bs-conseils.fr\/wp-content\/uploads\/2020\/06\/Business-Strate%CC%81gie-Conseils-Dernier-Kilome%CC%80tre-Conseils-en-Strate%CC%81gie.png?resize=700%2C400&ssl=1 2x, https:\/\/i0.wp.com\/www.bs-conseils.fr\/wp-content\/uploads\/2020\/06\/Business-Strate%CC%81gie-Conseils-Dernier-Kilome%CC%80tre-Conseils-en-Strate%CC%81gie.png?resize=1050%2C600&ssl=1 3x"},"classes":[]},{"id":4977,"url":"https:\/\/www.bs-conseils.fr\/index.php\/use-case\/","url_meta":{"origin":137,"position":1},"title":"Use case","author":"Bruno Sanlaville","date":"31 mai 2020","format":false,"excerpt":"R\u00c9ALISATIONS Transformation digitale et (re)positionnement strat\u00e9gique sur un march\u00e9 en croissance Accompagnement \"D\u00e9tection March\u00e9 \" \/ \"Go To Market\" \/ Startup Fran\u00e7aise qui propose des solutions technologiques et innovantes pour la Smart Home \/\u00a0R\u00f4le d'Expert Transport Express et livraisons du Dernier Kilom\u00e8tre Atelier Innovation - Id\u00e9ation\u00a0\"Experience Dernier kilom\u00e8tre\"\/ Grande Enseigne\u2026","rel":"","context":"Article similaire","block_context":{"text":"Article similaire","link":""},"img":{"alt_text":"bruno sanlaville BSC Business Strat\u00e9gie Conseils - Dernier kilom\u00e8tre E-commerce et Retail","src":"https:\/\/i0.wp.com\/www.bs-conseils.fr\/wp-content\/uploads\/2018\/07\/Client-07-2018.png?resize=350%2C200&ssl=1","width":350,"height":200,"srcset":"https:\/\/i0.wp.com\/www.bs-conseils.fr\/wp-content\/uploads\/2018\/07\/Client-07-2018.png?resize=350%2C200&ssl=1 1x, https:\/\/i0.wp.com\/www.bs-conseils.fr\/wp-content\/uploads\/2018\/07\/Client-07-2018.png?resize=525%2C300&ssl=1 1.5x, https:\/\/i0.wp.com\/www.bs-conseils.fr\/wp-content\/uploads\/2018\/07\/Client-07-2018.png?resize=700%2C400&ssl=1 2x, https:\/\/i0.wp.com\/www.bs-conseils.fr\/wp-content\/uploads\/2018\/07\/Client-07-2018.png?resize=1050%2C600&ssl=1 3x"},"classes":[]},{"id":4976,"url":"https:\/\/www.bs-conseils.fr\/index.php\/presentation\/","url_meta":{"origin":137,"position":2},"title":"Curriculum vit\u00e6 du fondateur","author":"Bruno Sanlaville","date":"31 mai 2020","format":false,"excerpt":"Un parcours de 25 ans dans le secteur du transport et de la logistique urbaine Passionn\u00e9 par le digital, la e-logistique, l'e-commerce et l'innovation, avec + de 20 ans de parcours professionnel. A la fois acteur du changement digital et \u00ab poisson pilote \u00bb, il a structur\u00e9 et pilot\u00e9 l'offre\u2026","rel":"","context":"Article similaire","block_context":{"text":"Article similaire","link":""},"img":{"alt_text":"","src":"https:\/\/i0.wp.com\/www.bs-conseils.fr\/wp-content\/uploads\/2020\/10\/URBY.jpg?resize=350%2C200&ssl=1","width":350,"height":200,"srcset":"https:\/\/i0.wp.com\/www.bs-conseils.fr\/wp-content\/uploads\/2020\/10\/URBY.jpg?resize=350%2C200&ssl=1 1x, https:\/\/i0.wp.com\/www.bs-conseils.fr\/wp-content\/uploads\/2020\/10\/URBY.jpg?resize=525%2C300&ssl=1 1.5x"},"classes":[]},{"id":4940,"url":"https:\/\/www.bs-conseils.fr\/index.php\/business-development-et-innovation\/","url_meta":{"origin":137,"position":3},"title":"Business Development","author":"Bruno Sanlaville","date":"31 mai 2020","format":false,"excerpt":"Strat\u00e9gie Commerciale et March\u00e9 #PARTENARIATS #STRATEGIE MARCH\u00c9 #BUSINESS DEVELOPMENT Fonction Direction Commercial et Business Development \"... Sans strat\u00e9gie \"gagnant-gagnant\" il n'y a pas de partenariat durable, il est faut donc faire les bons choix \u00a0tout en construisant une relation \u00e9quilibr\u00e9e ...\" D\u00e9tection des opportunit\u00e9s march\u00e9, mise en place d'une strat\u00e9gie\u2026","rel":"","context":"Article similaire","block_context":{"text":"Article similaire","link":""},"img":{"alt_text":"","src":"https:\/\/i0.wp.com\/www.bs-conseils.fr\/wp-content\/uploads\/2020\/06\/Business-Strate%CC%81gie-Conseils-Strate%CC%81gie-commerciale-et-Business-De%CC%81velopment.png?resize=350%2C200&ssl=1","width":350,"height":200,"srcset":"https:\/\/i0.wp.com\/www.bs-conseils.fr\/wp-content\/uploads\/2020\/06\/Business-Strate%CC%81gie-Conseils-Strate%CC%81gie-commerciale-et-Business-De%CC%81velopment.png?resize=350%2C200&ssl=1 1x, https:\/\/i0.wp.com\/www.bs-conseils.fr\/wp-content\/uploads\/2020\/06\/Business-Strate%CC%81gie-Conseils-Strate%CC%81gie-commerciale-et-Business-De%CC%81velopment.png?resize=525%2C300&ssl=1 1.5x"},"classes":[]},{"id":85,"url":"https:\/\/www.bs-conseils.fr\/index.php\/a-propos\/","url_meta":{"origin":137,"position":4},"title":"A propos","author":"Bruno Sanlaville","date":"25 mai 2017","format":false,"excerpt":"BSC c'est une vision pragmatique du transport, de la logistique urbaine et du dernier kilom\u00e8tre port\u00e9e par Bruno Sanlaville. \u00a0\u00a0\u00a0 Expertise de plus de 20 ans dans les domaines du transport express, de la logistique urbaine en Direction Marketing et Business Developement, et Direction e-commerce. Parcours riche et pluridisciplinaires qui\u2026","rel":"","context":"Article similaire","block_context":{"text":"Article similaire","link":""},"img":{"alt_text":"Bruno Sanlaville Conseils","src":"https:\/\/i0.wp.com\/www.bs-conseils.fr\/wp-content\/uploads\/2017\/05\/Medaille-Bruno-Charte-02-724x1024.jpg?resize=350%2C200","width":350,"height":200},"classes":[]},{"id":3229,"url":"https:\/\/www.bs-conseils.fr\/index.php\/mentions-legales\/","url_meta":{"origin":137,"position":5},"title":"Mentions L\u00e9gales","author":"Bruno Sanlaville","date":"16 mai 2018","format":false,"excerpt":"Informations \u00e9diteur BSC Business Strat\u00e9gie Conseils Si\u00e8ge social : 109 rue du Moulin, 69380 Civrieux d\u2019Azergues \u2013 SIREN : 829 733 211 T\u00e9l\u00e9phone : 06 07 89 77 93 \/\u00a0Mail : contact at bs-conseils.fr Directeur de la publication Bruno Sanlaville,\u00a0Pr\u00e9sident.\u00a0BSC, 109 rue du Moulin, 69380 Civrieux d\u2019Azergues Droits d\u2019auteur \u2013\u2026","rel":"","context":"Article similaire","block_context":{"text":"Article similaire","link":""},"img":{"alt_text":"","src":"","width":0,"height":0},"classes":[]}],"amp_enabled":true,"_links":{"self":[{"href":"https:\/\/www.bs-conseils.fr\/index.php\/wp-json\/wp\/v2\/pages\/137","targetHints":{"allow":["GET"]}}],"collection":[{"href":"https:\/\/www.bs-conseils.fr\/index.php\/wp-json\/wp\/v2\/pages"}],"about":[{"href":"https:\/\/www.bs-conseils.fr\/index.php\/wp-json\/wp\/v2\/types\/page"}],"author":[{"embeddable":true,"href":"https:\/\/www.bs-conseils.fr\/index.php\/wp-json\/wp\/v2\/users\/1"}],"replies":[{"embeddable":true,"href":"https:\/\/www.bs-conseils.fr\/index.php\/wp-json\/wp\/v2\/comments?post=137"}],"version-history":[{"count":8,"href":"https:\/\/www.bs-conseils.fr\/index.php\/wp-json\/wp\/v2\/pages\/137\/revisions"}],"predecessor-version":[{"id":184,"href":"https:\/\/www.bs-conseils.fr\/index.php\/wp-json\/wp\/v2\/pages\/137\/revisions\/184"}],"wp:attachment":[{"href":"https:\/\/www.bs-conseils.fr\/index.php\/wp-json\/wp\/v2\/media?parent=137"}],"curies":[{"name":"wp","href":"https:\/\/api.w.org\/{rel}","templated":true}]}}