{"id":211,"date":"2017-07-01T12:00:21","date_gmt":"2017-07-01T10:00:21","guid":{"rendered":"http:\/\/www.bs-conseils.fr\/?page_id=211"},"modified":"2018-09-01T14:08:36","modified_gmt":"2018-09-01T12:08:36","slug":"contact","status":"publish","type":"page","link":"https:\/\/www.bs-conseils.fr\/index.php\/contact\/","title":{"rendered":"Contact"},"content":{"rendered":"<div id=\"attachment_2022\" class=\"wp-caption alignnone\" style=\"width: 1024px\"><img data-recalc-dims=\"1\" loading=\"lazy\" decoding=\"async\" data-attachment-id=\"2022\" data-permalink=\"https:\/\/www.bs-conseils.fr\/index.php\/2-2\/smartcity-data\/\" data-orig-file=\"https:\/\/i0.wp.com\/www.bs-conseils.fr\/wp-content\/uploads\/2017\/05\/smartcity-data-807939388-1521233102280.jpg?fit=1024%2C179&amp;ssl=1\" data-orig-size=\"1024,179\" data-comments-opened=\"1\" data-image-meta=\"{&quot;aperture&quot;:&quot;0&quot;,&quot;credit&quot;:&quot;&quot;,&quot;camera&quot;:&quot;&quot;,&quot;caption&quot;:&quot;&quot;,&quot;created_timestamp&quot;:&quot;0&quot;,&quot;copyright&quot;:&quot;&quot;,&quot;focal_length&quot;:&quot;0&quot;,&quot;iso&quot;:&quot;0&quot;,&quot;shutter_speed&quot;:&quot;0&quot;,&quot;title&quot;:&quot;&quot;,&quot;orientation&quot;:&quot;0&quot;}\" data-image-title=\"bruno sanlaville BSC Business Strat\u00e9gie Conseils &amp;#8211; Dernier kilom\u00e8tre E-commerce et Retail\" data-image-description=\"&lt;p&gt;Contact&lt;\/p&gt;\n\" data-image-caption=\"&lt;p&gt;Contact&lt;\/p&gt;\n\" data-large-file=\"https:\/\/i0.wp.com\/www.bs-conseils.fr\/wp-content\/uploads\/2017\/05\/smartcity-data-807939388-1521233102280.jpg?fit=848%2C148&amp;ssl=1\" class=\"alignnone size-full wp-image-2022\" src=\"https:\/\/i0.wp.com\/www.bs-conseils.fr\/wp-content\/uploads\/2017\/05\/smartcity-data-807939388-1521233102280.jpg?resize=848%2C148&#038;ssl=1\" alt=\"bruno sanlaville BSC Business Strat\u00e9gie Conseils - Dernier kilom\u00e8tre E-commerce et Retail\" width=\"848\" height=\"148\" srcset=\"https:\/\/i0.wp.com\/www.bs-conseils.fr\/wp-content\/uploads\/2017\/05\/smartcity-data-807939388-1521233102280.jpg?w=1024&amp;ssl=1 1024w, https:\/\/i0.wp.com\/www.bs-conseils.fr\/wp-content\/uploads\/2017\/05\/smartcity-data-807939388-1521233102280.jpg?resize=300%2C52&amp;ssl=1 300w, https:\/\/i0.wp.com\/www.bs-conseils.fr\/wp-content\/uploads\/2017\/05\/smartcity-data-807939388-1521233102280.jpg?resize=768%2C134&amp;ssl=1 768w\" sizes=\"auto, (max-width: 848px) 100vw, 848px\" \/><p class=\"wp-caption-text\">Contact<\/p><\/div>\n<p>Pour toute demande ou tout renseignement, n\u2019h\u00e9sitez pas \u00e0 nous \u00e9crire en pr\u00e9cisant votre demande ou en expliquant votre probl\u00e9matique et besoin.<\/p>\n<p>Nous vous r\u00e9pondrons dans les meilleurs d\u00e9lais.<\/p>\n\n<div class=\"wpcf7 no-js\" id=\"wpcf7-f1660-o1\" lang=\"fr-FR\" dir=\"ltr\">\n<div class=\"screen-reader-response\"><p role=\"status\" aria-live=\"polite\" aria-atomic=\"true\"><\/p> <ul><\/ul><\/div>\n<form action=\"\/index.php\/wp-json\/wp\/v2\/pages\/211#wpcf7-f1660-o1\" method=\"post\" class=\"wpcf7-form init\" aria-label=\"Formulaire de contact\" novalidate=\"novalidate\" data-status=\"init\">\n<div style=\"display: none;\">\n<input type=\"hidden\" name=\"_wpcf7\" value=\"1660\" \/>\n<input type=\"hidden\" name=\"_wpcf7_version\" value=\"5.7.7\" \/>\n<input type=\"hidden\" name=\"_wpcf7_locale\" value=\"fr_FR\" \/>\n<input type=\"hidden\" name=\"_wpcf7_unit_tag\" value=\"wpcf7-f1660-o1\" \/>\n<input type=\"hidden\" name=\"_wpcf7_container_post\" value=\"0\" \/>\n<input type=\"hidden\" name=\"_wpcf7_posted_data_hash\" value=\"\" \/>\n<input type=\"hidden\" name=\"_wpcf7_recaptcha_response\" value=\"\" \/>\n<\/div>\n<p><label> Votre nom et pr\u00e9nom<br \/>\n<span class=\"wpcf7-form-control-wrap\" data-name=\"your-name\"><input size=\"40\" class=\"wpcf7-form-control wpcf7-text wpcf7-validates-as-required\" aria-required=\"true\" aria-invalid=\"false\" value=\"\" type=\"text\" name=\"your-name\" \/><\/span> <\/label>\n<\/p>\n<p><label> Raison Sociale \/ Nom de l'entreprise<br \/>\n<span class=\"wpcf7-form-control-wrap\" data-name=\"text-126\"><input size=\"40\" class=\"wpcf7-form-control wpcf7-text\" aria-invalid=\"false\" placeholder=\"Raison Sociale\" value=\"\" type=\"text\" name=\"text-126\" \/><\/span> <\/label>\n<\/p>\n<p><label> Votre e-mail (obligatoire)<br \/>\n<span class=\"wpcf7-form-control-wrap\" data-name=\"your-email\"><input size=\"40\" class=\"wpcf7-form-control wpcf7-text wpcf7-email wpcf7-validates-as-required wpcf7-validates-as-email\" aria-required=\"true\" aria-invalid=\"false\" value=\"\" type=\"email\" name=\"your-email\" \/><\/span> <\/label>\n<\/p>\n<p><label> Votre N\u00b0de mobile (obligatoire)<br \/>\n<span class=\"wpcf7-form-control-wrap\" data-name=\"tel-523\"><input size=\"40\" class=\"wpcf7-form-control wpcf7-text wpcf7-tel wpcf7-validates-as-required wpcf7-validates-as-tel\" aria-required=\"true\" aria-invalid=\"false\" placeholder=\"00 00 00 00 00\" value=\"\" type=\"tel\" name=\"tel-523\" \/><\/span> <\/label>\n<\/p>\n<p><label> Url de votre site internet<br \/>\n<span class=\"wpcf7-form-control-wrap\" data-name=\"url-645\"><input size=\"40\" class=\"wpcf7-form-control wpcf7-text wpcf7-url wpcf7-validates-as-url\" aria-invalid=\"false\" placeholder=\"www.votresite.com\" value=\"\" type=\"url\" name=\"url-645\" \/><\/span> <\/label>\n<\/p>\n<p><label> Sujet<br \/>\n<span class=\"wpcf7-form-control-wrap\" data-name=\"your-subject\"><input size=\"40\" class=\"wpcf7-form-control wpcf7-text\" aria-invalid=\"false\" value=\"\" type=\"text\" name=\"your-subject\" \/><\/span> <\/label>\n<\/p>\n<p><label> Votre message<br \/>\n<span class=\"wpcf7-form-control-wrap\" data-name=\"your-message\"><textarea cols=\"40\" rows=\"10\" class=\"wpcf7-form-control wpcf7-textarea\" aria-invalid=\"false\" name=\"your-message\"><\/textarea><\/span> <\/label>\n<\/p>\n\n<p><input class=\"wpcf7-form-control has-spinner wpcf7-submit\" type=\"submit\" value=\"Envoyer\" \/>\n<\/p><p style=\"display: none !important;\" class=\"akismet-fields-container\" data-prefix=\"_wpcf7_ak_\"><label>&#916;<textarea name=\"_wpcf7_ak_hp_textarea\" cols=\"45\" rows=\"8\" maxlength=\"100\"><\/textarea><\/label><input type=\"hidden\" id=\"ak_js_1\" name=\"_wpcf7_ak_js\" value=\"116\"\/><script>document.getElementById( \"ak_js_1\" ).setAttribute( \"value\", ( new Date() ).getTime() );<\/script><\/p><div class=\"wpcf7-response-output\" aria-hidden=\"true\"><\/div>\n<\/form>\n<\/div>\n\n","protected":false},"excerpt":{"rendered":"<p>Pour toute demande ou tout renseignement, n\u2019h\u00e9sitez pas \u00e0 nous \u00e9crire en pr\u00e9cisant votre demande ou en expliquant votre probl\u00e9matique et besoin. Nous vous r\u00e9pondrons dans les meilleurs d\u00e9lais.<\/p>\n","protected":false},"author":1,"featured_media":0,"parent":0,"menu_order":0,"comment_status":"closed","ping_status":"closed","template":"","meta":{"content-type":"","jetpack_post_was_ever_published":false,"_joinchat":[],"footnotes":""},"class_list":["post-211","page","type-page","status-publish","hentry"],"yoast_head":"<!-- This site is optimized with the Yoast SEO plugin v24.9 - https:\/\/yoast.com\/wordpress\/plugins\/seo\/ -->\n<title>Contact - BUSINESS STRAT\u00c9GIE CONSEILS<\/title>\n<meta name=\"robots\" content=\"index, follow, max-snippet:-1, max-image-preview:large, max-video-preview:-1\" \/>\n<link rel=\"canonical\" href=\"https:\/\/www.bs-conseils.fr\/index.php\/contact\/\" \/>\n<meta property=\"og:locale\" content=\"fr_FR\" \/>\n<meta property=\"og:type\" content=\"article\" \/>\n<meta property=\"og:title\" content=\"Contact - BUSINESS STRAT\u00c9GIE CONSEILS\" \/>\n<meta property=\"og:description\" content=\"Pour toute demande ou tout renseignement, n\u2019h\u00e9sitez pas \u00e0 nous \u00e9crire en pr\u00e9cisant votre demande ou en expliquant votre probl\u00e9matique et besoin. Nous vous r\u00e9pondrons dans les meilleurs d\u00e9lais.\" \/>\n<meta property=\"og:url\" content=\"https:\/\/www.bs-conseils.fr\/index.php\/contact\/\" \/>\n<meta property=\"og:site_name\" content=\"BUSINESS STRAT\u00c9GIE CONSEILS\" \/>\n<meta property=\"article:publisher\" content=\"https:\/\/www.facebook.com\/BusinessStrategieConseils\/\" \/>\n<meta property=\"article:modified_time\" content=\"2018-09-01T12:08:36+00:00\" \/>\n<meta property=\"og:image\" content=\"https:\/\/www.bs-conseils.fr\/wp-content\/uploads\/2017\/05\/smartcity-data-807939388-1521233102280.jpg\" \/>\n<meta name=\"twitter:card\" content=\"summary_large_image\" \/>\n<meta name=\"twitter:site\" content=\"@brunosanlaville\" \/>\n<script type=\"application\/ld+json\" class=\"yoast-schema-graph\">{\"@context\":\"https:\/\/schema.org\",\"@graph\":[{\"@type\":\"WebPage\",\"@id\":\"https:\/\/www.bs-conseils.fr\/index.php\/contact\/\",\"url\":\"https:\/\/www.bs-conseils.fr\/index.php\/contact\/\",\"name\":\"Contact - BUSINESS STRAT\u00c9GIE CONSEILS\",\"isPartOf\":{\"@id\":\"https:\/\/www.bs-conseils.fr\/#website\"},\"primaryImageOfPage\":{\"@id\":\"https:\/\/www.bs-conseils.fr\/index.php\/contact\/#primaryimage\"},\"image\":{\"@id\":\"https:\/\/www.bs-conseils.fr\/index.php\/contact\/#primaryimage\"},\"thumbnailUrl\":\"https:\/\/www.bs-conseils.fr\/wp-content\/uploads\/2017\/05\/smartcity-data-807939388-1521233102280.jpg\",\"datePublished\":\"2017-07-01T10:00:21+00:00\",\"dateModified\":\"2018-09-01T12:08:36+00:00\",\"breadcrumb\":{\"@id\":\"https:\/\/www.bs-conseils.fr\/index.php\/contact\/#breadcrumb\"},\"inLanguage\":\"fr-FR\",\"potentialAction\":[{\"@type\":\"ReadAction\",\"target\":[\"https:\/\/www.bs-conseils.fr\/index.php\/contact\/\"]}]},{\"@type\":\"ImageObject\",\"inLanguage\":\"fr-FR\",\"@id\":\"https:\/\/www.bs-conseils.fr\/index.php\/contact\/#primaryimage\",\"url\":\"https:\/\/i0.wp.com\/www.bs-conseils.fr\/wp-content\/uploads\/2017\/05\/smartcity-data-807939388-1521233102280.jpg?fit=1024%2C179&ssl=1\",\"contentUrl\":\"https:\/\/i0.wp.com\/www.bs-conseils.fr\/wp-content\/uploads\/2017\/05\/smartcity-data-807939388-1521233102280.jpg?fit=1024%2C179&ssl=1\",\"width\":1024,\"height\":179,\"caption\":\"Contact\"},{\"@type\":\"BreadcrumbList\",\"@id\":\"https:\/\/www.bs-conseils.fr\/index.php\/contact\/#breadcrumb\",\"itemListElement\":[{\"@type\":\"ListItem\",\"position\":1,\"name\":\"Accueil\",\"item\":\"https:\/\/www.bs-conseils.fr\/\"},{\"@type\":\"ListItem\",\"position\":2,\"name\":\"Contact\"}]},{\"@type\":\"WebSite\",\"@id\":\"https:\/\/www.bs-conseils.fr\/#website\",\"url\":\"https:\/\/www.bs-conseils.fr\/\",\"name\":\"BUSINESS STRAT\u00c9GIE CONSEILS\",\"description\":\"Conseils en strat\u00e9gie dernier kilom\u00e8tre et logistique urbaine omnicanale dans les secteurs du E-commerce, du Retail et du Transport \u00e9coresponsable\",\"publisher\":{\"@id\":\"https:\/\/www.bs-conseils.fr\/#organization\"},\"potentialAction\":[{\"@type\":\"SearchAction\",\"target\":{\"@type\":\"EntryPoint\",\"urlTemplate\":\"https:\/\/www.bs-conseils.fr\/?s={search_term_string}\"},\"query-input\":{\"@type\":\"PropertyValueSpecification\",\"valueRequired\":true,\"valueName\":\"search_term_string\"}}],\"inLanguage\":\"fr-FR\"},{\"@type\":\"Organization\",\"@id\":\"https:\/\/www.bs-conseils.fr\/#organization\",\"name\":\"BUSINESS STRAT\u00c9GIE CONSEILS\",\"url\":\"https:\/\/www.bs-conseils.fr\/\",\"logo\":{\"@type\":\"ImageObject\",\"inLanguage\":\"fr-FR\",\"@id\":\"https:\/\/www.bs-conseils.fr\/#\/schema\/logo\/image\/\",\"url\":\"https:\/\/i0.wp.com\/www.bs-conseils.fr\/wp-content\/uploads\/2020\/07\/image.jpg?fit=640%2C640&ssl=1\",\"contentUrl\":\"https:\/\/i0.wp.com\/www.bs-conseils.fr\/wp-content\/uploads\/2020\/07\/image.jpg?fit=640%2C640&ssl=1\",\"width\":640,\"height\":640,\"caption\":\"BUSINESS STRAT\u00c9GIE CONSEILS\"},\"image\":{\"@id\":\"https:\/\/www.bs-conseils.fr\/#\/schema\/logo\/image\/\"},\"sameAs\":[\"https:\/\/www.facebook.com\/BusinessStrategieConseils\/\",\"https:\/\/x.com\/brunosanlaville\",\"https:\/\/www.instagram.com\/bsc_conseils\/\",\"https:\/\/www.linkedin.com\/company\/11130594\/\"]}]}<\/script>\n<!-- \/ Yoast SEO plugin. -->","yoast_head_json":{"title":"Contact - BUSINESS STRAT\u00c9GIE CONSEILS","robots":{"index":"index","follow":"follow","max-snippet":"max-snippet:-1","max-image-preview":"max-image-preview:large","max-video-preview":"max-video-preview:-1"},"canonical":"https:\/\/www.bs-conseils.fr\/index.php\/contact\/","og_locale":"fr_FR","og_type":"article","og_title":"Contact - BUSINESS STRAT\u00c9GIE CONSEILS","og_description":"Pour toute demande ou tout renseignement, n\u2019h\u00e9sitez pas \u00e0 nous \u00e9crire en pr\u00e9cisant votre demande ou en expliquant votre probl\u00e9matique et besoin. Nous vous r\u00e9pondrons dans les meilleurs d\u00e9lais.","og_url":"https:\/\/www.bs-conseils.fr\/index.php\/contact\/","og_site_name":"BUSINESS STRAT\u00c9GIE CONSEILS","article_publisher":"https:\/\/www.facebook.com\/BusinessStrategieConseils\/","article_modified_time":"2018-09-01T12:08:36+00:00","og_image":[{"url":"https:\/\/www.bs-conseils.fr\/wp-content\/uploads\/2017\/05\/smartcity-data-807939388-1521233102280.jpg","type":"","width":"","height":""}],"twitter_card":"summary_large_image","twitter_site":"@brunosanlaville","schema":{"@context":"https:\/\/schema.org","@graph":[{"@type":"WebPage","@id":"https:\/\/www.bs-conseils.fr\/index.php\/contact\/","url":"https:\/\/www.bs-conseils.fr\/index.php\/contact\/","name":"Contact - BUSINESS STRAT\u00c9GIE CONSEILS","isPartOf":{"@id":"https:\/\/www.bs-conseils.fr\/#website"},"primaryImageOfPage":{"@id":"https:\/\/www.bs-conseils.fr\/index.php\/contact\/#primaryimage"},"image":{"@id":"https:\/\/www.bs-conseils.fr\/index.php\/contact\/#primaryimage"},"thumbnailUrl":"https:\/\/www.bs-conseils.fr\/wp-content\/uploads\/2017\/05\/smartcity-data-807939388-1521233102280.jpg","datePublished":"2017-07-01T10:00:21+00:00","dateModified":"2018-09-01T12:08:36+00:00","breadcrumb":{"@id":"https:\/\/www.bs-conseils.fr\/index.php\/contact\/#breadcrumb"},"inLanguage":"fr-FR","potentialAction":[{"@type":"ReadAction","target":["https:\/\/www.bs-conseils.fr\/index.php\/contact\/"]}]},{"@type":"ImageObject","inLanguage":"fr-FR","@id":"https:\/\/www.bs-conseils.fr\/index.php\/contact\/#primaryimage","url":"https:\/\/i0.wp.com\/www.bs-conseils.fr\/wp-content\/uploads\/2017\/05\/smartcity-data-807939388-1521233102280.jpg?fit=1024%2C179&ssl=1","contentUrl":"https:\/\/i0.wp.com\/www.bs-conseils.fr\/wp-content\/uploads\/2017\/05\/smartcity-data-807939388-1521233102280.jpg?fit=1024%2C179&ssl=1","width":1024,"height":179,"caption":"Contact"},{"@type":"BreadcrumbList","@id":"https:\/\/www.bs-conseils.fr\/index.php\/contact\/#breadcrumb","itemListElement":[{"@type":"ListItem","position":1,"name":"Accueil","item":"https:\/\/www.bs-conseils.fr\/"},{"@type":"ListItem","position":2,"name":"Contact"}]},{"@type":"WebSite","@id":"https:\/\/www.bs-conseils.fr\/#website","url":"https:\/\/www.bs-conseils.fr\/","name":"BUSINESS STRAT\u00c9GIE CONSEILS","description":"Conseils en strat\u00e9gie dernier kilom\u00e8tre et logistique urbaine omnicanale dans les secteurs du E-commerce, du Retail et du Transport \u00e9coresponsable","publisher":{"@id":"https:\/\/www.bs-conseils.fr\/#organization"},"potentialAction":[{"@type":"SearchAction","target":{"@type":"EntryPoint","urlTemplate":"https:\/\/www.bs-conseils.fr\/?s={search_term_string}"},"query-input":{"@type":"PropertyValueSpecification","valueRequired":true,"valueName":"search_term_string"}}],"inLanguage":"fr-FR"},{"@type":"Organization","@id":"https:\/\/www.bs-conseils.fr\/#organization","name":"BUSINESS STRAT\u00c9GIE CONSEILS","url":"https:\/\/www.bs-conseils.fr\/","logo":{"@type":"ImageObject","inLanguage":"fr-FR","@id":"https:\/\/www.bs-conseils.fr\/#\/schema\/logo\/image\/","url":"https:\/\/i0.wp.com\/www.bs-conseils.fr\/wp-content\/uploads\/2020\/07\/image.jpg?fit=640%2C640&ssl=1","contentUrl":"https:\/\/i0.wp.com\/www.bs-conseils.fr\/wp-content\/uploads\/2020\/07\/image.jpg?fit=640%2C640&ssl=1","width":640,"height":640,"caption":"BUSINESS STRAT\u00c9GIE CONSEILS"},"image":{"@id":"https:\/\/www.bs-conseils.fr\/#\/schema\/logo\/image\/"},"sameAs":["https:\/\/www.facebook.com\/BusinessStrategieConseils\/","https:\/\/x.com\/brunosanlaville","https:\/\/www.instagram.com\/bsc_conseils\/","https:\/\/www.linkedin.com\/company\/11130594\/"]}]}},"jetpack_sharing_enabled":true,"jetpack_shortlink":"https:\/\/wp.me\/P8OKKa-3p","jetpack_likes_enabled":true,"jetpack-related-posts":[{"id":3229,"url":"https:\/\/www.bs-conseils.fr\/index.php\/mentions-legales\/","url_meta":{"origin":211,"position":0},"title":"Mentions L\u00e9gales","author":"Bruno Sanlaville","date":"16 mai 2018","format":false,"excerpt":"Informations \u00e9diteur BSC Business Strat\u00e9gie Conseils Si\u00e8ge social : 109 rue du Moulin, 69380 Civrieux d\u2019Azergues \u2013 SIREN : 829 733 211 T\u00e9l\u00e9phone : 06 07 89 77 93 \/\u00a0Mail : contact at bs-conseils.fr Directeur de la publication Bruno Sanlaville,\u00a0Pr\u00e9sident.\u00a0BSC, 109 rue du Moulin, 69380 Civrieux d\u2019Azergues Droits d\u2019auteur \u2013\u2026","rel":"","context":"Article similaire","block_context":{"text":"Article similaire","link":""},"img":{"alt_text":"","src":"","width":0,"height":0},"classes":[]},{"id":4939,"url":"https:\/\/www.bs-conseils.fr\/index.php\/marketing-et-digital\/","url_meta":{"origin":211,"position":1},"title":"Marketing &#038; Digital","author":"Bruno Sanlaville","date":"31 mai 2020","format":false,"excerpt":"Marketing strat\u00e9gique et op\u00e9rationnel #TRANSFORMATION #MARKETING #ECOMMERCE #R\u00c9SEAUSOCIAUX Fonction Digital \"... Mesurer la maturit\u00e9 digitale\u00a0et donner du sens \u00e0 la\u00a0transformation pour\u00a0accompagner son changement...\" Audit de l'organisation et recommandations.\u00a0Accompagnement dans la r\u00e9daction du\u00a0plan de Transformation Digitale.Accompagnement dans la r\u00e9daction et de d\u00e9ploiement de la strat\u00e9gie digitale.Mise en place d'une organisation \"Open\u00a0Innovation\"\u2026","rel":"","context":"Article similaire","block_context":{"text":"Article similaire","link":""},"img":{"alt_text":"","src":"https:\/\/i0.wp.com\/www.bs-conseils.fr\/wp-content\/uploads\/2020\/06\/Business-Strate%CC%81gie-Conseils-Digital-et-Innovation-.png?resize=350%2C200&ssl=1","width":350,"height":200,"srcset":"https:\/\/i0.wp.com\/www.bs-conseils.fr\/wp-content\/uploads\/2020\/06\/Business-Strate%CC%81gie-Conseils-Digital-et-Innovation-.png?resize=350%2C200&ssl=1 1x, https:\/\/i0.wp.com\/www.bs-conseils.fr\/wp-content\/uploads\/2020\/06\/Business-Strate%CC%81gie-Conseils-Digital-et-Innovation-.png?resize=525%2C300&ssl=1 1.5x"},"classes":[]},{"id":2,"url":"https:\/\/www.bs-conseils.fr\/","url_meta":{"origin":211,"position":2},"title":"Livraison dernier kilom\u00e8tre&nbsp;&nbsp;Conseils en strat\u00e9gie\u2026","author":"Bruno Sanlaville","date":"22 mai 2017","format":false,"excerpt":"Livraison dernier kilom\u00e8tre\u00a0\u00a0Conseils en strat\u00e9gie sp\u00e9cialis\u00e9e en logistique urbaine et dernier kilom\u00e8tre en e-commerce Conseils en Strat\u00e9gie Dernier Kilom\u00e8tre et Logistique Urbaine Omnicanal Pour prendre des d\u00e9cisions strat\u00e9giques efficaces et durables. Vision 360\u00b0 et pragmatique du transport et des livraisons bas\u00e9e sur l\u2019observation de l\u2019\u00e9volution du march\u00e9 et des besoins\u2026","rel":"","context":"Article similaire","block_context":{"text":"Article similaire","link":""},"img":{"alt_text":"","src":"https:\/\/i0.wp.com\/www.bs-conseils.fr\/wp-content\/uploads\/2020\/05\/BSC-Business-Strate%CC%81gie-Conseils-Bruno-Sanlaville-IMAGE-FB-.png?fit=1200%2C638&ssl=1&resize=350%2C200","width":350,"height":200,"srcset":"https:\/\/i0.wp.com\/www.bs-conseils.fr\/wp-content\/uploads\/2020\/05\/BSC-Business-Strate%CC%81gie-Conseils-Bruno-Sanlaville-IMAGE-FB-.png?fit=1200%2C638&ssl=1&resize=350%2C200 1x, https:\/\/i0.wp.com\/www.bs-conseils.fr\/wp-content\/uploads\/2020\/05\/BSC-Business-Strate%CC%81gie-Conseils-Bruno-Sanlaville-IMAGE-FB-.png?fit=1200%2C638&ssl=1&resize=525%2C300 1.5x, https:\/\/i0.wp.com\/www.bs-conseils.fr\/wp-content\/uploads\/2020\/05\/BSC-Business-Strate%CC%81gie-Conseils-Bruno-Sanlaville-IMAGE-FB-.png?fit=1200%2C638&ssl=1&resize=700%2C400 2x, https:\/\/i0.wp.com\/www.bs-conseils.fr\/wp-content\/uploads\/2020\/05\/BSC-Business-Strate%CC%81gie-Conseils-Bruno-Sanlaville-IMAGE-FB-.png?fit=1200%2C638&ssl=1&resize=1050%2C600 3x"},"classes":[]},{"id":117,"url":"https:\/\/www.bs-conseils.fr\/index.php\/offre\/","url_meta":{"origin":211,"position":3},"title":"Domaine d&rsquo;interventions","author":"Bruno Sanlaville","date":"25 mai 2017","format":false,"excerpt":"BSC, en tant que prestataire ind\u00e9pendant, \u00a0intervient sur un certain nombre de prestations notamment autours de la logistique du DERNIER KILOM\u00c8TRE\u00a0du e-commerce ou du retail mais aussi sur un spectre plus large de probl\u00e9matiques sur le\u00a0DIGITAL (dont Marketing, Communication et e-business)\u00a0ou de L'INNOVATION MARCH\u00c9 et le\u00a0BUSINESS DEVELOPMENT\u00a0(strat\u00e9gie commerciale, partenariat et\u2026","rel":"","context":"Article similaire","block_context":{"text":"Article similaire","link":""},"img":{"alt_text":"","src":"https:\/\/i0.wp.com\/www.bs-conseils.fr\/wp-content\/uploads\/2020\/06\/Business-Strate%CC%81gie-Conseils-Dernier-Kilome%CC%80tre-Conseils-en-Strate%CC%81gie.png?resize=350%2C200&ssl=1","width":350,"height":200,"srcset":"https:\/\/i0.wp.com\/www.bs-conseils.fr\/wp-content\/uploads\/2020\/06\/Business-Strate%CC%81gie-Conseils-Dernier-Kilome%CC%80tre-Conseils-en-Strate%CC%81gie.png?resize=350%2C200&ssl=1 1x, https:\/\/i0.wp.com\/www.bs-conseils.fr\/wp-content\/uploads\/2020\/06\/Business-Strate%CC%81gie-Conseils-Dernier-Kilome%CC%80tre-Conseils-en-Strate%CC%81gie.png?resize=525%2C300&ssl=1 1.5x, https:\/\/i0.wp.com\/www.bs-conseils.fr\/wp-content\/uploads\/2020\/06\/Business-Strate%CC%81gie-Conseils-Dernier-Kilome%CC%80tre-Conseils-en-Strate%CC%81gie.png?resize=700%2C400&ssl=1 2x, https:\/\/i0.wp.com\/www.bs-conseils.fr\/wp-content\/uploads\/2020\/06\/Business-Strate%CC%81gie-Conseils-Dernier-Kilome%CC%80tre-Conseils-en-Strate%CC%81gie.png?resize=1050%2C600&ssl=1 3x"},"classes":[]},{"id":4976,"url":"https:\/\/www.bs-conseils.fr\/index.php\/presentation\/","url_meta":{"origin":211,"position":4},"title":"Curriculum vit\u00e6 du fondateur","author":"Bruno Sanlaville","date":"31 mai 2020","format":false,"excerpt":"Un parcours de 25 ans dans le secteur du transport et de la logistique urbaine Passionn\u00e9 par le digital, la e-logistique, l'e-commerce et l'innovation, avec + de 20 ans de parcours professionnel. A la fois acteur du changement digital et \u00ab poisson pilote \u00bb, il a structur\u00e9 et pilot\u00e9 l'offre\u2026","rel":"","context":"Article similaire","block_context":{"text":"Article similaire","link":""},"img":{"alt_text":"","src":"https:\/\/i0.wp.com\/www.bs-conseils.fr\/wp-content\/uploads\/2020\/10\/URBY.jpg?resize=350%2C200&ssl=1","width":350,"height":200,"srcset":"https:\/\/i0.wp.com\/www.bs-conseils.fr\/wp-content\/uploads\/2020\/10\/URBY.jpg?resize=350%2C200&ssl=1 1x, https:\/\/i0.wp.com\/www.bs-conseils.fr\/wp-content\/uploads\/2020\/10\/URBY.jpg?resize=525%2C300&ssl=1 1.5x"},"classes":[]},{"id":3246,"url":"https:\/\/www.bs-conseils.fr\/index.php\/administration-des-donnees-personnelles\/","url_meta":{"origin":211,"position":5},"title":"Administration des donn\u00e9es personnelles","author":"Bruno Sanlaville","date":"16 mai 2018","format":false,"excerpt":"Conform\u00e9ment \u00e0 la loi informatique et libert\u00e9s et au RGPD, toutes personnes peut exercer son droit d\u2019acc\u00e8s, de rectification, d\u2019opposition, \u00e0 la limitation des traitements, \u00e0 la suppression et la portabilit\u00e9 des donn\u00e9es le concernant en faisant en remplissant le formulaire","rel":"","context":"Article similaire","block_context":{"text":"Article similaire","link":""},"img":{"alt_text":"smartcity data","src":"https:\/\/i0.wp.com\/www.bs-conseils.fr\/wp-content\/uploads\/2017\/05\/smartcity-data-807939388-1521233102280.jpg?resize=350%2C200","width":350,"height":200,"srcset":"https:\/\/i0.wp.com\/www.bs-conseils.fr\/wp-content\/uploads\/2017\/05\/smartcity-data-807939388-1521233102280.jpg?resize=350%2C200 1x, https:\/\/i0.wp.com\/www.bs-conseils.fr\/wp-content\/uploads\/2017\/05\/smartcity-data-807939388-1521233102280.jpg?resize=525%2C300 1.5x, https:\/\/i0.wp.com\/www.bs-conseils.fr\/wp-content\/uploads\/2017\/05\/smartcity-data-807939388-1521233102280.jpg?resize=700%2C400 2x"},"classes":[]}],"amp_enabled":true,"_links":{"self":[{"href":"https:\/\/www.bs-conseils.fr\/index.php\/wp-json\/wp\/v2\/pages\/211","targetHints":{"allow":["GET"]}}],"collection":[{"href":"https:\/\/www.bs-conseils.fr\/index.php\/wp-json\/wp\/v2\/pages"}],"about":[{"href":"https:\/\/www.bs-conseils.fr\/index.php\/wp-json\/wp\/v2\/types\/page"}],"author":[{"embeddable":true,"href":"https:\/\/www.bs-conseils.fr\/index.php\/wp-json\/wp\/v2\/users\/1"}],"replies":[{"embeddable":true,"href":"https:\/\/www.bs-conseils.fr\/index.php\/wp-json\/wp\/v2\/comments?post=211"}],"version-history":[{"count":22,"href":"https:\/\/www.bs-conseils.fr\/index.php\/wp-json\/wp\/v2\/pages\/211\/revisions"}],"predecessor-version":[{"id":3415,"href":"https:\/\/www.bs-conseils.fr\/index.php\/wp-json\/wp\/v2\/pages\/211\/revisions\/3415"}],"wp:attachment":[{"href":"https:\/\/www.bs-conseils.fr\/index.php\/wp-json\/wp\/v2\/media?parent=211"}],"curies":[{"name":"wp","href":"https:\/\/api.w.org\/{rel}","templated":true}]}}