{"id":4940,"date":"2020-05-31T10:47:56","date_gmt":"2020-05-31T08:47:56","guid":{"rendered":"https:\/\/www.bs-conseils.fr\/?page_id=4940"},"modified":"2020-06-02T19:39:17","modified_gmt":"2020-06-02T17:39:17","slug":"business-development-et-innovation","status":"publish","type":"page","link":"https:\/\/www.bs-conseils.fr\/index.php\/business-development-et-innovation\/","title":{"rendered":"Business Development"},"content":{"rendered":"\n<h2 class=\"has-text-align-right has-white-color has-text-color has-background wp-block-heading\" style=\"background-color:#ffd15c\"><strong>Strat\u00e9gie Commerciale <\/strong>et<strong> March\u00e9<\/strong><\/h2>\n\n\n\n<div class=\"wp-block-media-text alignwide is-stacked-on-mobile\" style=\"grid-template-columns:55% auto\"><figure class=\"wp-block-media-text__media\"><img data-recalc-dims=\"1\" loading=\"lazy\" decoding=\"async\" width=\"600\" height=\"598\" data-attachment-id=\"5135\" data-permalink=\"https:\/\/www.bs-conseils.fr\/index.php\/2-2\/business-strategie-conseils-strategie-commerciale-et-business-development\/\" data-orig-file=\"https:\/\/i0.wp.com\/www.bs-conseils.fr\/wp-content\/uploads\/2020\/06\/Business-Strate%CC%81gie-Conseils-Strate%CC%81gie-commerciale-et-Business-De%CC%81velopment.png?fit=600%2C598&amp;ssl=1\" data-orig-size=\"600,598\" data-comments-opened=\"1\" data-image-meta=\"{&quot;aperture&quot;:&quot;0&quot;,&quot;credit&quot;:&quot;&quot;,&quot;camera&quot;:&quot;&quot;,&quot;caption&quot;:&quot;&quot;,&quot;created_timestamp&quot;:&quot;0&quot;,&quot;copyright&quot;:&quot;&quot;,&quot;focal_length&quot;:&quot;0&quot;,&quot;iso&quot;:&quot;0&quot;,&quot;shutter_speed&quot;:&quot;0&quot;,&quot;title&quot;:&quot;&quot;,&quot;orientation&quot;:&quot;0&quot;}\" data-image-title=\"Business-Strate\u0301gie-Conseils-Strate\u0301gie-commerciale-et-Business-De\u0301velopment\" data-image-description=\"\" data-image-caption=\"\" data-large-file=\"https:\/\/i0.wp.com\/www.bs-conseils.fr\/wp-content\/uploads\/2020\/06\/Business-Strate%CC%81gie-Conseils-Strate%CC%81gie-commerciale-et-Business-De%CC%81velopment.png?fit=600%2C598&amp;ssl=1\" src=\"https:\/\/i0.wp.com\/www.bs-conseils.fr\/wp-content\/uploads\/2020\/06\/Business-Strate%CC%81gie-Conseils-Strate%CC%81gie-commerciale-et-Business-De%CC%81velopment.png?resize=600%2C598&#038;ssl=1\" alt=\"\" class=\"wp-image-5135\" srcset=\"https:\/\/i0.wp.com\/www.bs-conseils.fr\/wp-content\/uploads\/2020\/06\/Business-Strate%CC%81gie-Conseils-Strate%CC%81gie-commerciale-et-Business-De%CC%81velopment.png?w=600&amp;ssl=1 600w, https:\/\/i0.wp.com\/www.bs-conseils.fr\/wp-content\/uploads\/2020\/06\/Business-Strate%CC%81gie-Conseils-Strate%CC%81gie-commerciale-et-Business-De%CC%81velopment.png?resize=300%2C300&amp;ssl=1 300w, https:\/\/i0.wp.com\/www.bs-conseils.fr\/wp-content\/uploads\/2020\/06\/Business-Strate%CC%81gie-Conseils-Strate%CC%81gie-commerciale-et-Business-De%CC%81velopment.png?resize=150%2C150&amp;ssl=1 150w, https:\/\/i0.wp.com\/www.bs-conseils.fr\/wp-content\/uploads\/2020\/06\/Business-Strate%CC%81gie-Conseils-Strate%CC%81gie-commerciale-et-Business-De%CC%81velopment.png?resize=100%2C100&amp;ssl=1 100w, https:\/\/i0.wp.com\/www.bs-conseils.fr\/wp-content\/uploads\/2020\/06\/Business-Strate%CC%81gie-Conseils-Strate%CC%81gie-commerciale-et-Business-De%CC%81velopment.png?resize=50%2C50&amp;ssl=1 50w\" sizes=\"auto, (max-width: 600px) 100vw, 600px\" \/><\/figure><div class=\"wp-block-media-text__content\">\n<h2 class=\"has-text-color wp-block-heading\" style=\"font-size:25px;color:#ffd15c\"><strong>#PARTENARIAT<\/strong>S<\/h2>\n\n\n\n<h2 class=\"has-text-color wp-block-heading\" style=\"font-size:25px;color:#ffd15c\"><strong>#STRATEGIE<\/strong> <strong>MARCH\u00c9<\/strong><\/h2>\n\n\n\n<h2 class=\"has-text-color wp-block-heading\" style=\"font-size:25px;color:#ffd15c\"><strong>#BUSINESS DEVELOPMENT<\/strong><\/h2>\n<\/div><\/div>\n\n\n\n<div style=\"height:27px\" aria-hidden=\"true\" class=\"wp-block-spacer\"><\/div>\n\n\n\n<p class=\"has-white-color has-text-color has-background has-medium-font-size\" style=\"background-color:#ffd15c\"><span style=\"color: #0000ff;\"><span class=\"has-inline-color has-white-color\">Fonction <\/span><\/span><strong>Direction Commercial<\/strong> et <strong>Business Development<\/strong><\/p>\n\n\n\n<h5 class=\"has-text-align-left has-text-color wp-block-heading\" style=\"color:#ffd15c\"><span style=\"color: #3366ff;\"><em><img data-recalc-dims=\"1\" loading=\"lazy\" decoding=\"async\" data-attachment-id=\"2995\" data-permalink=\"https:\/\/www.bs-conseils.fr\/index.php\/offre\/bizzdev\/\" data-orig-file=\"https:\/\/i0.wp.com\/www.bs-conseils.fr\/wp-content\/uploads\/2018\/01\/BizzDev.png?fit=722%2C642&amp;ssl=1\" data-orig-size=\"722,642\" data-comments-opened=\"1\" data-image-meta=\"{&quot;aperture&quot;:&quot;0&quot;,&quot;credit&quot;:&quot;&quot;,&quot;camera&quot;:&quot;&quot;,&quot;caption&quot;:&quot;&quot;,&quot;created_timestamp&quot;:&quot;0&quot;,&quot;copyright&quot;:&quot;&quot;,&quot;focal_length&quot;:&quot;0&quot;,&quot;iso&quot;:&quot;0&quot;,&quot;shutter_speed&quot;:&quot;0&quot;,&quot;title&quot;:&quot;&quot;,&quot;orientation&quot;:&quot;0&quot;}\" data-image-title=\"BizzDev\" data-image-description=\"\" data-image-caption=\"&lt;p&gt;BUSINESS DEVELOPMENT&lt;\/p&gt;\n\" data-large-file=\"https:\/\/i0.wp.com\/www.bs-conseils.fr\/wp-content\/uploads\/2018\/01\/BizzDev.png?fit=722%2C642&amp;ssl=1\" width=\"37\" height=\"33\" class=\"alignnone wp-image-2995\" src=\"https:\/\/i0.wp.com\/www.bs-conseils.fr\/wp-content\/uploads\/2018\/01\/BizzDev.png?resize=37%2C33\" alt=\"BizzDev\" srcset=\"https:\/\/i0.wp.com\/www.bs-conseils.fr\/wp-content\/uploads\/2018\/01\/BizzDev.png?w=722&amp;ssl=1 722w, https:\/\/i0.wp.com\/www.bs-conseils.fr\/wp-content\/uploads\/2018\/01\/BizzDev.png?resize=300%2C267&amp;ssl=1 300w\" sizes=\"auto, (max-width: 37px) 100vw, 37px\" \/><span style=\"color:#ffd15c\" class=\"has-inline-color\">\u00ab\u00a0&#8230; Sans strat\u00e9gie \u00ab\u00a0gagnant-gagnant\u00a0\u00bb il n&rsquo;y a pas de partenariat durable, il est faut donc faire les bons choix \u00a0tout en construisant une relation \u00e9quilibr\u00e9e &#8230;\u00a0\u00bb<\/span><\/em><\/span><\/h5>\n\n\n\n<div style=\"height:27px\" aria-hidden=\"true\" class=\"wp-block-spacer\"><\/div>\n\n\n\n<ul class=\"wp-block-list\"><li>D\u00e9tection des <strong>opportunit\u00e9s march\u00e9<\/strong>, mise en place d&rsquo;une strat\u00e9gie commerciale.<\/li><li><strong>Accompagnement du projet de partenariat<\/strong>, positionnement de l&rsquo;offre, aide \u00e0 la r\u00e9daction du cahier des charges, gestion de l&rsquo;appel d&rsquo;offres.<\/li><\/ul>\n\n\n\n<ul class=\"wp-block-list\"><li>Accompagnement dans la r\u00e9daction du<strong> Business Plan<\/strong>.<\/li><li>Accompagnement dans la <strong>r\u00e9daction du contrat<\/strong>&nbsp;et des SLA.<\/li><li>Accompagnement dans la mise en place du <strong>suivi et des tableaux de bords<\/strong><\/li><\/ul>\n\n\n\n<ul class=\"wp-block-list\"><li><strong>Design Thinking<\/strong><\/li><\/ul>\n\n\n\n<p>+<\/p>\n\n\n\n<ul class=\"wp-block-list\"><li>Accompagnement de projet et r\u00e9daction d&rsquo;un <strong>Pitchdeck<\/strong> \/ M\u00e9mo pour <strong>lev\u00e9e de fonds<\/strong><\/li><\/ul>\n\n\n\n<hr class=\"wp-block-separator\"\/>\n","protected":false},"excerpt":{"rendered":"<p>Strat\u00e9gie Commerciale et March\u00e9 #PARTENARIATS #STRATEGIE MARCH\u00c9 #BUSINESS DEVELOPMENT Fonction Direction Commercial et Business Development \u00ab\u00a0&#8230; Sans strat\u00e9gie \u00ab\u00a0gagnant-gagnant\u00a0\u00bb il n&rsquo;y a pas de partenariat durable, il est faut donc faire les bons choix \u00a0tout en construisant une relation \u00e9quilibr\u00e9e &#8230;\u00a0\u00bb D\u00e9tection des opportunit\u00e9s march\u00e9, mise en place d&rsquo;une strat\u00e9gie commerciale. Accompagnement du projet de [&hellip;]<\/p>\n","protected":false},"author":1,"featured_media":0,"parent":0,"menu_order":0,"comment_status":"closed","ping_status":"closed","template":"","meta":{"content-type":"","jetpack_post_was_ever_published":false,"_joinchat":[],"footnotes":""},"class_list":["post-4940","page","type-page","status-publish","hentry"],"yoast_head":"<!-- This site is optimized with the Yoast SEO plugin v24.9 - https:\/\/yoast.com\/wordpress\/plugins\/seo\/ -->\n<title>Business Development - BUSINESS STRAT\u00c9GIE CONSEILS<\/title>\n<meta name=\"robots\" content=\"index, follow, max-snippet:-1, max-image-preview:large, max-video-preview:-1\" \/>\n<link rel=\"canonical\" href=\"https:\/\/www.bs-conseils.fr\/index.php\/business-development-et-innovation\/\" \/>\n<meta property=\"og:locale\" content=\"fr_FR\" \/>\n<meta property=\"og:type\" content=\"article\" \/>\n<meta property=\"og:title\" content=\"Business Development - BUSINESS STRAT\u00c9GIE CONSEILS\" \/>\n<meta property=\"og:description\" content=\"Strat\u00e9gie Commerciale et March\u00e9 #PARTENARIATS #STRATEGIE MARCH\u00c9 #BUSINESS DEVELOPMENT Fonction Direction Commercial et Business Development \u00ab\u00a0&#8230; Sans strat\u00e9gie \u00ab\u00a0gagnant-gagnant\u00a0\u00bb il n&rsquo;y a pas de partenariat durable, il est faut donc faire les bons choix \u00a0tout en construisant une relation \u00e9quilibr\u00e9e &#8230;\u00a0\u00bb D\u00e9tection des opportunit\u00e9s march\u00e9, mise en place d&rsquo;une strat\u00e9gie commerciale. Accompagnement du projet de [&hellip;]\" \/>\n<meta property=\"og:url\" content=\"https:\/\/www.bs-conseils.fr\/index.php\/business-development-et-innovation\/\" \/>\n<meta property=\"og:site_name\" content=\"BUSINESS STRAT\u00c9GIE CONSEILS\" \/>\n<meta property=\"article:publisher\" content=\"https:\/\/www.facebook.com\/BusinessStrategieConseils\/\" \/>\n<meta property=\"article:modified_time\" content=\"2020-06-02T17:39:17+00:00\" \/>\n<meta property=\"og:image\" content=\"https:\/\/www.bs-conseils.fr\/wp-content\/uploads\/2020\/06\/Business-Strate\u0301gie-Conseils-Strate\u0301gie-commerciale-et-Business-De\u0301velopment.png\" \/>\n<meta name=\"twitter:card\" content=\"summary_large_image\" \/>\n<meta name=\"twitter:site\" content=\"@brunosanlaville\" \/>\n<meta name=\"twitter:label1\" content=\"Dur\u00e9e de lecture estim\u00e9e\" \/>\n\t<meta name=\"twitter:data1\" content=\"1 minute\" \/>\n<script type=\"application\/ld+json\" class=\"yoast-schema-graph\">{\"@context\":\"https:\/\/schema.org\",\"@graph\":[{\"@type\":\"WebPage\",\"@id\":\"https:\/\/www.bs-conseils.fr\/index.php\/business-development-et-innovation\/\",\"url\":\"https:\/\/www.bs-conseils.fr\/index.php\/business-development-et-innovation\/\",\"name\":\"Business Development - BUSINESS STRAT\u00c9GIE CONSEILS\",\"isPartOf\":{\"@id\":\"https:\/\/www.bs-conseils.fr\/#website\"},\"primaryImageOfPage\":{\"@id\":\"https:\/\/www.bs-conseils.fr\/index.php\/business-development-et-innovation\/#primaryimage\"},\"image\":{\"@id\":\"https:\/\/www.bs-conseils.fr\/index.php\/business-development-et-innovation\/#primaryimage\"},\"thumbnailUrl\":\"http:\/\/www.bs-conseils.fr\/wp-content\/uploads\/2018\/01\/BizzDev.png\",\"datePublished\":\"2020-05-31T08:47:56+00:00\",\"dateModified\":\"2020-06-02T17:39:17+00:00\",\"breadcrumb\":{\"@id\":\"https:\/\/www.bs-conseils.fr\/index.php\/business-development-et-innovation\/#breadcrumb\"},\"inLanguage\":\"fr-FR\",\"potentialAction\":[{\"@type\":\"ReadAction\",\"target\":[\"https:\/\/www.bs-conseils.fr\/index.php\/business-development-et-innovation\/\"]}]},{\"@type\":\"ImageObject\",\"inLanguage\":\"fr-FR\",\"@id\":\"https:\/\/www.bs-conseils.fr\/index.php\/business-development-et-innovation\/#primaryimage\",\"url\":\"http:\/\/www.bs-conseils.fr\/wp-content\/uploads\/2018\/01\/BizzDev.png\",\"contentUrl\":\"http:\/\/www.bs-conseils.fr\/wp-content\/uploads\/2018\/01\/BizzDev.png\"},{\"@type\":\"BreadcrumbList\",\"@id\":\"https:\/\/www.bs-conseils.fr\/index.php\/business-development-et-innovation\/#breadcrumb\",\"itemListElement\":[{\"@type\":\"ListItem\",\"position\":1,\"name\":\"Accueil\",\"item\":\"https:\/\/www.bs-conseils.fr\/\"},{\"@type\":\"ListItem\",\"position\":2,\"name\":\"Business Development\"}]},{\"@type\":\"WebSite\",\"@id\":\"https:\/\/www.bs-conseils.fr\/#website\",\"url\":\"https:\/\/www.bs-conseils.fr\/\",\"name\":\"BUSINESS STRAT\u00c9GIE CONSEILS\",\"description\":\"Conseils en strat\u00e9gie dernier kilom\u00e8tre et logistique urbaine omnicanale dans les secteurs du E-commerce, du Retail et du Transport \u00e9coresponsable\",\"publisher\":{\"@id\":\"https:\/\/www.bs-conseils.fr\/#organization\"},\"potentialAction\":[{\"@type\":\"SearchAction\",\"target\":{\"@type\":\"EntryPoint\",\"urlTemplate\":\"https:\/\/www.bs-conseils.fr\/?s={search_term_string}\"},\"query-input\":{\"@type\":\"PropertyValueSpecification\",\"valueRequired\":true,\"valueName\":\"search_term_string\"}}],\"inLanguage\":\"fr-FR\"},{\"@type\":\"Organization\",\"@id\":\"https:\/\/www.bs-conseils.fr\/#organization\",\"name\":\"BUSINESS STRAT\u00c9GIE CONSEILS\",\"url\":\"https:\/\/www.bs-conseils.fr\/\",\"logo\":{\"@type\":\"ImageObject\",\"inLanguage\":\"fr-FR\",\"@id\":\"https:\/\/www.bs-conseils.fr\/#\/schema\/logo\/image\/\",\"url\":\"https:\/\/i0.wp.com\/www.bs-conseils.fr\/wp-content\/uploads\/2020\/07\/image.jpg?fit=640%2C640&ssl=1\",\"contentUrl\":\"https:\/\/i0.wp.com\/www.bs-conseils.fr\/wp-content\/uploads\/2020\/07\/image.jpg?fit=640%2C640&ssl=1\",\"width\":640,\"height\":640,\"caption\":\"BUSINESS STRAT\u00c9GIE CONSEILS\"},\"image\":{\"@id\":\"https:\/\/www.bs-conseils.fr\/#\/schema\/logo\/image\/\"},\"sameAs\":[\"https:\/\/www.facebook.com\/BusinessStrategieConseils\/\",\"https:\/\/x.com\/brunosanlaville\",\"https:\/\/www.instagram.com\/bsc_conseils\/\",\"https:\/\/www.linkedin.com\/company\/11130594\/\"]}]}<\/script>\n<!-- \/ Yoast SEO plugin. -->","yoast_head_json":{"title":"Business Development - BUSINESS STRAT\u00c9GIE CONSEILS","robots":{"index":"index","follow":"follow","max-snippet":"max-snippet:-1","max-image-preview":"max-image-preview:large","max-video-preview":"max-video-preview:-1"},"canonical":"https:\/\/www.bs-conseils.fr\/index.php\/business-development-et-innovation\/","og_locale":"fr_FR","og_type":"article","og_title":"Business Development - BUSINESS STRAT\u00c9GIE CONSEILS","og_description":"Strat\u00e9gie Commerciale et March\u00e9 #PARTENARIATS #STRATEGIE MARCH\u00c9 #BUSINESS DEVELOPMENT Fonction Direction Commercial et Business Development \u00ab\u00a0&#8230; Sans strat\u00e9gie \u00ab\u00a0gagnant-gagnant\u00a0\u00bb il n&rsquo;y a pas de partenariat durable, il est faut donc faire les bons choix \u00a0tout en construisant une relation \u00e9quilibr\u00e9e &#8230;\u00a0\u00bb D\u00e9tection des opportunit\u00e9s march\u00e9, mise en place d&rsquo;une strat\u00e9gie commerciale. Accompagnement du projet de [&hellip;]","og_url":"https:\/\/www.bs-conseils.fr\/index.php\/business-development-et-innovation\/","og_site_name":"BUSINESS STRAT\u00c9GIE CONSEILS","article_publisher":"https:\/\/www.facebook.com\/BusinessStrategieConseils\/","article_modified_time":"2020-06-02T17:39:17+00:00","og_image":[{"url":"https:\/\/www.bs-conseils.fr\/wp-content\/uploads\/2020\/06\/Business-Strate\u0301gie-Conseils-Strate\u0301gie-commerciale-et-Business-De\u0301velopment.png","type":"","width":"","height":""}],"twitter_card":"summary_large_image","twitter_site":"@brunosanlaville","twitter_misc":{"Dur\u00e9e de lecture estim\u00e9e":"1 minute"},"schema":{"@context":"https:\/\/schema.org","@graph":[{"@type":"WebPage","@id":"https:\/\/www.bs-conseils.fr\/index.php\/business-development-et-innovation\/","url":"https:\/\/www.bs-conseils.fr\/index.php\/business-development-et-innovation\/","name":"Business Development - BUSINESS STRAT\u00c9GIE CONSEILS","isPartOf":{"@id":"https:\/\/www.bs-conseils.fr\/#website"},"primaryImageOfPage":{"@id":"https:\/\/www.bs-conseils.fr\/index.php\/business-development-et-innovation\/#primaryimage"},"image":{"@id":"https:\/\/www.bs-conseils.fr\/index.php\/business-development-et-innovation\/#primaryimage"},"thumbnailUrl":"http:\/\/www.bs-conseils.fr\/wp-content\/uploads\/2018\/01\/BizzDev.png","datePublished":"2020-05-31T08:47:56+00:00","dateModified":"2020-06-02T17:39:17+00:00","breadcrumb":{"@id":"https:\/\/www.bs-conseils.fr\/index.php\/business-development-et-innovation\/#breadcrumb"},"inLanguage":"fr-FR","potentialAction":[{"@type":"ReadAction","target":["https:\/\/www.bs-conseils.fr\/index.php\/business-development-et-innovation\/"]}]},{"@type":"ImageObject","inLanguage":"fr-FR","@id":"https:\/\/www.bs-conseils.fr\/index.php\/business-development-et-innovation\/#primaryimage","url":"http:\/\/www.bs-conseils.fr\/wp-content\/uploads\/2018\/01\/BizzDev.png","contentUrl":"http:\/\/www.bs-conseils.fr\/wp-content\/uploads\/2018\/01\/BizzDev.png"},{"@type":"BreadcrumbList","@id":"https:\/\/www.bs-conseils.fr\/index.php\/business-development-et-innovation\/#breadcrumb","itemListElement":[{"@type":"ListItem","position":1,"name":"Accueil","item":"https:\/\/www.bs-conseils.fr\/"},{"@type":"ListItem","position":2,"name":"Business Development"}]},{"@type":"WebSite","@id":"https:\/\/www.bs-conseils.fr\/#website","url":"https:\/\/www.bs-conseils.fr\/","name":"BUSINESS STRAT\u00c9GIE CONSEILS","description":"Conseils en strat\u00e9gie dernier kilom\u00e8tre et logistique urbaine omnicanale dans les secteurs du E-commerce, du Retail et du Transport \u00e9coresponsable","publisher":{"@id":"https:\/\/www.bs-conseils.fr\/#organization"},"potentialAction":[{"@type":"SearchAction","target":{"@type":"EntryPoint","urlTemplate":"https:\/\/www.bs-conseils.fr\/?s={search_term_string}"},"query-input":{"@type":"PropertyValueSpecification","valueRequired":true,"valueName":"search_term_string"}}],"inLanguage":"fr-FR"},{"@type":"Organization","@id":"https:\/\/www.bs-conseils.fr\/#organization","name":"BUSINESS STRAT\u00c9GIE CONSEILS","url":"https:\/\/www.bs-conseils.fr\/","logo":{"@type":"ImageObject","inLanguage":"fr-FR","@id":"https:\/\/www.bs-conseils.fr\/#\/schema\/logo\/image\/","url":"https:\/\/i0.wp.com\/www.bs-conseils.fr\/wp-content\/uploads\/2020\/07\/image.jpg?fit=640%2C640&ssl=1","contentUrl":"https:\/\/i0.wp.com\/www.bs-conseils.fr\/wp-content\/uploads\/2020\/07\/image.jpg?fit=640%2C640&ssl=1","width":640,"height":640,"caption":"BUSINESS STRAT\u00c9GIE CONSEILS"},"image":{"@id":"https:\/\/www.bs-conseils.fr\/#\/schema\/logo\/image\/"},"sameAs":["https:\/\/www.facebook.com\/BusinessStrategieConseils\/","https:\/\/x.com\/brunosanlaville","https:\/\/www.instagram.com\/bsc_conseils\/","https:\/\/www.linkedin.com\/company\/11130594\/"]}]}},"jetpack_sharing_enabled":false,"jetpack_shortlink":"https:\/\/wp.me\/P8OKKa-1hG","jetpack_likes_enabled":false,"jetpack-related-posts":[{"id":117,"url":"https:\/\/www.bs-conseils.fr\/index.php\/offre\/","url_meta":{"origin":4940,"position":0},"title":"Domaine d&rsquo;interventions","author":"Bruno Sanlaville","date":"25 mai 2017","format":false,"excerpt":"BSC, en tant que prestataire ind\u00e9pendant, \u00a0intervient sur un certain nombre de prestations notamment autours de la logistique du DERNIER KILOM\u00c8TRE\u00a0du e-commerce ou du retail mais aussi sur un spectre plus large de probl\u00e9matiques sur le\u00a0DIGITAL (dont Marketing, Communication et e-business)\u00a0ou de L'INNOVATION MARCH\u00c9 et le\u00a0BUSINESS DEVELOPMENT\u00a0(strat\u00e9gie commerciale, partenariat et\u2026","rel":"","context":"Article similaire","block_context":{"text":"Article similaire","link":""},"img":{"alt_text":"","src":"https:\/\/i0.wp.com\/www.bs-conseils.fr\/wp-content\/uploads\/2020\/06\/Business-Strate%CC%81gie-Conseils-Dernier-Kilome%CC%80tre-Conseils-en-Strate%CC%81gie.png?resize=350%2C200&ssl=1","width":350,"height":200,"srcset":"https:\/\/i0.wp.com\/www.bs-conseils.fr\/wp-content\/uploads\/2020\/06\/Business-Strate%CC%81gie-Conseils-Dernier-Kilome%CC%80tre-Conseils-en-Strate%CC%81gie.png?resize=350%2C200&ssl=1 1x, https:\/\/i0.wp.com\/www.bs-conseils.fr\/wp-content\/uploads\/2020\/06\/Business-Strate%CC%81gie-Conseils-Dernier-Kilome%CC%80tre-Conseils-en-Strate%CC%81gie.png?resize=525%2C300&ssl=1 1.5x, https:\/\/i0.wp.com\/www.bs-conseils.fr\/wp-content\/uploads\/2020\/06\/Business-Strate%CC%81gie-Conseils-Dernier-Kilome%CC%80tre-Conseils-en-Strate%CC%81gie.png?resize=700%2C400&ssl=1 2x, https:\/\/i0.wp.com\/www.bs-conseils.fr\/wp-content\/uploads\/2020\/06\/Business-Strate%CC%81gie-Conseils-Dernier-Kilome%CC%80tre-Conseils-en-Strate%CC%81gie.png?resize=1050%2C600&ssl=1 3x"},"classes":[]},{"id":4976,"url":"https:\/\/www.bs-conseils.fr\/index.php\/presentation\/","url_meta":{"origin":4940,"position":1},"title":"Curriculum vit\u00e6 du fondateur","author":"Bruno Sanlaville","date":"31 mai 2020","format":false,"excerpt":"Un parcours de 25 ans dans le secteur du transport et de la logistique urbaine Passionn\u00e9 par le digital, la e-logistique, l'e-commerce et l'innovation, avec + de 20 ans de parcours professionnel. A la fois acteur du changement digital et \u00ab poisson pilote \u00bb, il a structur\u00e9 et pilot\u00e9 l'offre\u2026","rel":"","context":"Article similaire","block_context":{"text":"Article similaire","link":""},"img":{"alt_text":"","src":"https:\/\/i0.wp.com\/www.bs-conseils.fr\/wp-content\/uploads\/2020\/10\/URBY.jpg?resize=350%2C200&ssl=1","width":350,"height":200,"srcset":"https:\/\/i0.wp.com\/www.bs-conseils.fr\/wp-content\/uploads\/2020\/10\/URBY.jpg?resize=350%2C200&ssl=1 1x, https:\/\/i0.wp.com\/www.bs-conseils.fr\/wp-content\/uploads\/2020\/10\/URBY.jpg?resize=525%2C300&ssl=1 1.5x"},"classes":[]},{"id":4977,"url":"https:\/\/www.bs-conseils.fr\/index.php\/use-case\/","url_meta":{"origin":4940,"position":2},"title":"Use case","author":"Bruno Sanlaville","date":"31 mai 2020","format":false,"excerpt":"R\u00c9ALISATIONS Transformation digitale et (re)positionnement strat\u00e9gique sur un march\u00e9 en croissance Accompagnement \"D\u00e9tection March\u00e9 \" \/ \"Go To Market\" \/ Startup Fran\u00e7aise qui propose des solutions technologiques et innovantes pour la Smart Home \/\u00a0R\u00f4le d'Expert Transport Express et livraisons du Dernier Kilom\u00e8tre Atelier Innovation - Id\u00e9ation\u00a0\"Experience Dernier kilom\u00e8tre\"\/ Grande Enseigne\u2026","rel":"","context":"Article similaire","block_context":{"text":"Article similaire","link":""},"img":{"alt_text":"bruno sanlaville BSC Business Strat\u00e9gie Conseils - Dernier kilom\u00e8tre E-commerce et Retail","src":"https:\/\/i0.wp.com\/www.bs-conseils.fr\/wp-content\/uploads\/2018\/07\/Client-07-2018.png?resize=350%2C200&ssl=1","width":350,"height":200,"srcset":"https:\/\/i0.wp.com\/www.bs-conseils.fr\/wp-content\/uploads\/2018\/07\/Client-07-2018.png?resize=350%2C200&ssl=1 1x, https:\/\/i0.wp.com\/www.bs-conseils.fr\/wp-content\/uploads\/2018\/07\/Client-07-2018.png?resize=525%2C300&ssl=1 1.5x, https:\/\/i0.wp.com\/www.bs-conseils.fr\/wp-content\/uploads\/2018\/07\/Client-07-2018.png?resize=700%2C400&ssl=1 2x, https:\/\/i0.wp.com\/www.bs-conseils.fr\/wp-content\/uploads\/2018\/07\/Client-07-2018.png?resize=1050%2C600&ssl=1 3x"},"classes":[]},{"id":2,"url":"https:\/\/www.bs-conseils.fr\/","url_meta":{"origin":4940,"position":3},"title":"Livraison dernier kilom\u00e8tre&nbsp;&nbsp;Conseils en strat\u00e9gie\u2026","author":"Bruno Sanlaville","date":"22 mai 2017","format":false,"excerpt":"Livraison dernier kilom\u00e8tre\u00a0\u00a0Conseils en strat\u00e9gie sp\u00e9cialis\u00e9e en logistique urbaine et dernier kilom\u00e8tre en e-commerce Conseils en Strat\u00e9gie Dernier Kilom\u00e8tre et Logistique Urbaine Omnicanal Pour prendre des d\u00e9cisions strat\u00e9giques efficaces et durables. Vision 360\u00b0 et pragmatique du transport et des livraisons bas\u00e9e sur l\u2019observation de l\u2019\u00e9volution du march\u00e9 et des besoins\u2026","rel":"","context":"Article similaire","block_context":{"text":"Article similaire","link":""},"img":{"alt_text":"","src":"https:\/\/i0.wp.com\/www.bs-conseils.fr\/wp-content\/uploads\/2020\/05\/BSC-Business-Strate%CC%81gie-Conseils-Bruno-Sanlaville-IMAGE-FB-.png?fit=1200%2C638&ssl=1&resize=350%2C200","width":350,"height":200,"srcset":"https:\/\/i0.wp.com\/www.bs-conseils.fr\/wp-content\/uploads\/2020\/05\/BSC-Business-Strate%CC%81gie-Conseils-Bruno-Sanlaville-IMAGE-FB-.png?fit=1200%2C638&ssl=1&resize=350%2C200 1x, https:\/\/i0.wp.com\/www.bs-conseils.fr\/wp-content\/uploads\/2020\/05\/BSC-Business-Strate%CC%81gie-Conseils-Bruno-Sanlaville-IMAGE-FB-.png?fit=1200%2C638&ssl=1&resize=525%2C300 1.5x, https:\/\/i0.wp.com\/www.bs-conseils.fr\/wp-content\/uploads\/2020\/05\/BSC-Business-Strate%CC%81gie-Conseils-Bruno-Sanlaville-IMAGE-FB-.png?fit=1200%2C638&ssl=1&resize=700%2C400 2x, https:\/\/i0.wp.com\/www.bs-conseils.fr\/wp-content\/uploads\/2020\/05\/BSC-Business-Strate%CC%81gie-Conseils-Bruno-Sanlaville-IMAGE-FB-.png?fit=1200%2C638&ssl=1&resize=1050%2C600 3x"},"classes":[]},{"id":3229,"url":"https:\/\/www.bs-conseils.fr\/index.php\/mentions-legales\/","url_meta":{"origin":4940,"position":4},"title":"Mentions L\u00e9gales","author":"Bruno Sanlaville","date":"16 mai 2018","format":false,"excerpt":"Informations \u00e9diteur BSC Business Strat\u00e9gie Conseils Si\u00e8ge social : 109 rue du Moulin, 69380 Civrieux d\u2019Azergues \u2013 SIREN : 829 733 211 T\u00e9l\u00e9phone : 06 07 89 77 93 \/\u00a0Mail : contact at bs-conseils.fr Directeur de la publication Bruno Sanlaville,\u00a0Pr\u00e9sident.\u00a0BSC, 109 rue du Moulin, 69380 Civrieux d\u2019Azergues Droits d\u2019auteur \u2013\u2026","rel":"","context":"Article similaire","block_context":{"text":"Article similaire","link":""},"img":{"alt_text":"","src":"","width":0,"height":0},"classes":[]},{"id":1133,"url":"https:\/\/www.bs-conseils.fr\/index.php\/articles\/","url_meta":{"origin":4940,"position":5},"title":"Articles","author":"Bruno Sanlaville","date":"29 juillet 2017","format":false,"excerpt":"Tous les articles BUSINESS STRAT\u00c9GIE CONSEILS et l'actualit\u00e9 du dernier kilom\u00e8tre dans le e-commerce, la logistique urbaine et le retail.","rel":"","context":"Article similaire","block_context":{"text":"Article similaire","link":""},"img":{"alt_text":"","src":"","width":0,"height":0},"classes":[]}],"amp_enabled":true,"_links":{"self":[{"href":"https:\/\/www.bs-conseils.fr\/index.php\/wp-json\/wp\/v2\/pages\/4940","targetHints":{"allow":["GET"]}}],"collection":[{"href":"https:\/\/www.bs-conseils.fr\/index.php\/wp-json\/wp\/v2\/pages"}],"about":[{"href":"https:\/\/www.bs-conseils.fr\/index.php\/wp-json\/wp\/v2\/types\/page"}],"author":[{"embeddable":true,"href":"https:\/\/www.bs-conseils.fr\/index.php\/wp-json\/wp\/v2\/users\/1"}],"replies":[{"embeddable":true,"href":"https:\/\/www.bs-conseils.fr\/index.php\/wp-json\/wp\/v2\/comments?post=4940"}],"version-history":[{"count":9,"href":"https:\/\/www.bs-conseils.fr\/index.php\/wp-json\/wp\/v2\/pages\/4940\/revisions"}],"predecessor-version":[{"id":5163,"href":"https:\/\/www.bs-conseils.fr\/index.php\/wp-json\/wp\/v2\/pages\/4940\/revisions\/5163"}],"wp:attachment":[{"href":"https:\/\/www.bs-conseils.fr\/index.php\/wp-json\/wp\/v2\/media?parent=4940"}],"curies":[{"name":"wp","href":"https:\/\/api.w.org\/{rel}","templated":true}]}}