{"id":85,"date":"2017-05-25T22:16:37","date_gmt":"2017-05-25T20:16:37","guid":{"rendered":"http:\/\/www.bs-conseils.fr\/?page_id=85"},"modified":"2020-05-31T18:38:58","modified_gmt":"2020-05-31T16:38:58","slug":"a-propos","status":"publish","type":"page","link":"https:\/\/www.bs-conseils.fr\/index.php\/a-propos\/","title":{"rendered":"A propos"},"content":{"rendered":"<div id=\"attachment_156\" class=\"wp-caption alignleft\" style=\"width: 300px\"><img data-recalc-dims=\"1\" loading=\"lazy\" decoding=\"async\" data-attachment-id=\"156\" data-permalink=\"https:\/\/www.bs-conseils.fr\/index.php\/a-propos\/medaille-bruno-charte-02\/\" data-orig-file=\"https:\/\/i0.wp.com\/www.bs-conseils.fr\/wp-content\/uploads\/2017\/05\/Medaille-Bruno-Charte-02.jpg?fit=3508%2C4961&amp;ssl=1\" data-orig-size=\"3508,4961\" data-comments-opened=\"1\" data-image-meta=\"{&quot;aperture&quot;:&quot;0&quot;,&quot;credit&quot;:&quot;&quot;,&quot;camera&quot;:&quot;&quot;,&quot;caption&quot;:&quot;&quot;,&quot;created_timestamp&quot;:&quot;0&quot;,&quot;copyright&quot;:&quot;&quot;,&quot;focal_length&quot;:&quot;0&quot;,&quot;iso&quot;:&quot;0&quot;,&quot;shutter_speed&quot;:&quot;0&quot;,&quot;title&quot;:&quot;&quot;,&quot;orientation&quot;:&quot;1&quot;}\" data-image-title=\"Bruno Sanlaville BSC Business Strat\u00e9gie Conseils &amp;#8211; Dernier kilom\u00e8tre E-commerce et Retail bs-conseils.fr\" data-image-description=\"&lt;p&gt;bruno sanlaville BSC Business Strat\u00e9gie Conseils &amp;#8211; Dernier kilom\u00e8tre E-commerce et Retail&lt;\/p&gt;\n\" data-image-caption=\"&lt;p&gt;bruno sanlaville BSC Business Strat\u00e9gie Conseils &amp;#8211; Dernier kilom\u00e8tre E-commerce et Retail&lt;\/p&gt;\n\" data-large-file=\"https:\/\/i0.wp.com\/www.bs-conseils.fr\/wp-content\/uploads\/2017\/05\/Medaille-Bruno-Charte-02.jpg?fit=724%2C1024&amp;ssl=1\" class=\"wp-image-156 \" src=\"https:\/\/i0.wp.com\/www.bs-conseils.fr\/wp-content\/uploads\/2017\/05\/Medaille-Bruno-Charte-02-724x1024.jpg?resize=300%2C425\" alt=\"Bruno Sanlaville Conseils\" width=\"300\" height=\"425\" srcset=\"https:\/\/i0.wp.com\/www.bs-conseils.fr\/wp-content\/uploads\/2017\/05\/Medaille-Bruno-Charte-02.jpg?resize=724%2C1024&amp;ssl=1 724w, https:\/\/i0.wp.com\/www.bs-conseils.fr\/wp-content\/uploads\/2017\/05\/Medaille-Bruno-Charte-02.jpg?resize=212%2C300&amp;ssl=1 212w, https:\/\/i0.wp.com\/www.bs-conseils.fr\/wp-content\/uploads\/2017\/05\/Medaille-Bruno-Charte-02.jpg?resize=768%2C1086&amp;ssl=1 768w, https:\/\/i0.wp.com\/www.bs-conseils.fr\/wp-content\/uploads\/2017\/05\/Medaille-Bruno-Charte-02.jpg?w=1696&amp;ssl=1 1696w, https:\/\/i0.wp.com\/www.bs-conseils.fr\/wp-content\/uploads\/2017\/05\/Medaille-Bruno-Charte-02.jpg?w=2544&amp;ssl=1 2544w\" sizes=\"auto, (max-width: 300px) 100vw, 300px\" \/><p class=\"wp-caption-text\">Bruno Sanlaville, Fondateur<\/p><\/div>\n<p><strong>BSC c&rsquo;est une vision pragmatique du transport, de la logistique urbaine et du dernier kilom\u00e8tre port\u00e9e par Bruno Sanlaville.<\/strong><\/p>\n<p><strong>\u00a0<\/strong><a href=\"https:\/\/www.linkedin.com\/in\/brunosanlaville\/?locale=fr_FR\" target=\"_blank\" rel=\"noopener noreferrer\"><img data-recalc-dims=\"1\" loading=\"lazy\" decoding=\"async\" data-attachment-id=\"3261\" data-permalink=\"https:\/\/www.bs-conseils.fr\/index.php\/a-propos\/linkedin-icone-noire\/\" data-orig-file=\"https:\/\/i0.wp.com\/www.bs-conseils.fr\/wp-content\/uploads\/2018\/06\/LinkedIn-Icone-Noire.png?fit=225%2C225&amp;ssl=1\" data-orig-size=\"225,225\" data-comments-opened=\"1\" data-image-meta=\"{&quot;aperture&quot;:&quot;0&quot;,&quot;credit&quot;:&quot;&quot;,&quot;camera&quot;:&quot;&quot;,&quot;caption&quot;:&quot;&quot;,&quot;created_timestamp&quot;:&quot;0&quot;,&quot;copyright&quot;:&quot;&quot;,&quot;focal_length&quot;:&quot;0&quot;,&quot;iso&quot;:&quot;0&quot;,&quot;shutter_speed&quot;:&quot;0&quot;,&quot;title&quot;:&quot;&quot;,&quot;orientation&quot;:&quot;0&quot;}\" data-image-title=\"LinkedIn Icone Noire\" data-image-description=\"\" data-image-caption=\"\" data-large-file=\"https:\/\/i0.wp.com\/www.bs-conseils.fr\/wp-content\/uploads\/2018\/06\/LinkedIn-Icone-Noire.png?fit=225%2C225&amp;ssl=1\" class=\"alignnone  wp-image-3261\" src=\"https:\/\/i0.wp.com\/www.bs-conseils.fr\/wp-content\/uploads\/2018\/06\/LinkedIn-Icone-Noire.png?resize=40%2C40&#038;ssl=1\" alt=\"LinkedIn Icone Noire\" width=\"40\" height=\"40\" srcset=\"https:\/\/i0.wp.com\/www.bs-conseils.fr\/wp-content\/uploads\/2018\/06\/LinkedIn-Icone-Noire.png?w=225&amp;ssl=1 225w, https:\/\/i0.wp.com\/www.bs-conseils.fr\/wp-content\/uploads\/2018\/06\/LinkedIn-Icone-Noire.png?resize=150%2C150&amp;ssl=1 150w, https:\/\/i0.wp.com\/www.bs-conseils.fr\/wp-content\/uploads\/2018\/06\/LinkedIn-Icone-Noire.png?resize=50%2C50&amp;ssl=1 50w\" sizes=\"auto, (max-width: 40px) 100vw, 40px\" \/><\/a>\u00a0\u00a0<a href=\"mailto:bruno.sanlaville@bs-conseils.fr\" target=\"_blank\" rel=\"noopener noreferrer\"><img data-recalc-dims=\"1\" loading=\"lazy\" decoding=\"async\" data-attachment-id=\"3263\" data-permalink=\"https:\/\/www.bs-conseils.fr\/index.php\/a-propos\/mail\/\" data-orig-file=\"https:\/\/i0.wp.com\/www.bs-conseils.fr\/wp-content\/uploads\/2018\/06\/mail.png?fit=225%2C225&amp;ssl=1\" data-orig-size=\"225,225\" data-comments-opened=\"1\" data-image-meta=\"{&quot;aperture&quot;:&quot;0&quot;,&quot;credit&quot;:&quot;&quot;,&quot;camera&quot;:&quot;&quot;,&quot;caption&quot;:&quot;&quot;,&quot;created_timestamp&quot;:&quot;0&quot;,&quot;copyright&quot;:&quot;&quot;,&quot;focal_length&quot;:&quot;0&quot;,&quot;iso&quot;:&quot;0&quot;,&quot;shutter_speed&quot;:&quot;0&quot;,&quot;title&quot;:&quot;&quot;,&quot;orientation&quot;:&quot;0&quot;}\" data-image-title=\"mail\" data-image-description=\"\" data-image-caption=\"\" data-large-file=\"https:\/\/i0.wp.com\/www.bs-conseils.fr\/wp-content\/uploads\/2018\/06\/mail.png?fit=225%2C225&amp;ssl=1\" class=\"alignnone  wp-image-3263\" src=\"https:\/\/i0.wp.com\/www.bs-conseils.fr\/wp-content\/uploads\/2018\/06\/mail.png?resize=40%2C40&#038;ssl=1\" alt=\"mail\" width=\"40\" height=\"40\" srcset=\"https:\/\/i0.wp.com\/www.bs-conseils.fr\/wp-content\/uploads\/2018\/06\/mail.png?w=225&amp;ssl=1 225w, https:\/\/i0.wp.com\/www.bs-conseils.fr\/wp-content\/uploads\/2018\/06\/mail.png?resize=150%2C150&amp;ssl=1 150w, https:\/\/i0.wp.com\/www.bs-conseils.fr\/wp-content\/uploads\/2018\/06\/mail.png?resize=50%2C50&amp;ssl=1 50w\" sizes=\"auto, (max-width: 40px) 100vw, 40px\" \/><\/a><\/p>\n<p>Expertise de plus de 20 ans dans les domaines du transport express, de la logistique urbaine en Direction Marketing et Business Developement, et Direction e-commerce. Parcours riche et pluridisciplinaires qui lui a permis d&rsquo;\u00eatre au contact\u00a0\u00a0d&rsquo;entreprises de toutes tailles (TPE, PME\/PMI, ETI et Grands Groupes Nationaux et Internationaux) pour leur apporter du conseil et partager avec elles \u00a0sa vision sur le e-commerce et la distribution cross canal et d\u00e9sormais omnicanale.<\/p>\n<p>BSC est une fa\u00e7on de partager sa perception du march\u00e9, sa situation actuelle ainsi que ses orientations strat\u00e9giques , associ\u00e9 \u00e0 son exp\u00e9rience riche et vari\u00e9e.<\/p>\n","protected":false},"excerpt":{"rendered":"<p>BSC c&rsquo;est une vision pragmatique du transport, de la logistique urbaine et du dernier kilom\u00e8tre port\u00e9e par Bruno Sanlaville. \u00a0\u00a0\u00a0 Expertise de plus de 20 ans dans les domaines du transport express, de la logistique urbaine en Direction Marketing et Business Developement, et Direction e-commerce. Parcours riche et pluridisciplinaires qui lui a permis d&rsquo;\u00eatre au [&hellip;]<\/p>\n","protected":false},"author":1,"featured_media":0,"parent":0,"menu_order":0,"comment_status":"closed","ping_status":"closed","template":"","meta":{"content-type":"","_joinchat":[],"footnotes":""},"class_list":["post-85","page","type-page","status-publish","hentry"],"yoast_head":"<!-- This site is optimized with the Yoast SEO plugin v24.9 - https:\/\/yoast.com\/wordpress\/plugins\/seo\/ -->\n<title>A propos - BUSINESS STRAT\u00c9GIE CONSEILS<\/title>\n<meta name=\"description\" content=\"Business Strat\u00e9gie Conseils, c&#039;est une vision pragmatique du transport, de la logistique urbaine et du dernier kilom\u00e8tre dans le e-commerce et le retail.\" \/>\n<meta name=\"robots\" content=\"index, follow, max-snippet:-1, max-image-preview:large, max-video-preview:-1\" \/>\n<link rel=\"canonical\" href=\"https:\/\/www.bs-conseils.fr\/index.php\/a-propos\/\" \/>\n<meta property=\"og:locale\" content=\"fr_FR\" \/>\n<meta property=\"og:type\" content=\"article\" \/>\n<meta property=\"og:title\" content=\"A propos - BUSINESS STRAT\u00c9GIE CONSEILS\" \/>\n<meta property=\"og:description\" content=\"Business Strat\u00e9gie Conseils, c&#039;est une vision pragmatique du transport, de la logistique urbaine et du dernier kilom\u00e8tre dans le e-commerce et le retail.\" \/>\n<meta property=\"og:url\" content=\"https:\/\/www.bs-conseils.fr\/index.php\/a-propos\/\" \/>\n<meta property=\"og:site_name\" content=\"BUSINESS STRAT\u00c9GIE CONSEILS\" \/>\n<meta property=\"article:publisher\" content=\"https:\/\/www.facebook.com\/BusinessStrategieConseils\/\" \/>\n<meta property=\"article:modified_time\" content=\"2020-05-31T16:38:58+00:00\" \/>\n<meta property=\"og:image\" content=\"http:\/\/www.bs-conseils.fr\/wp-content\/uploads\/2017\/05\/Medaille-Bruno-Charte-02-724x1024.jpg\" \/>\n<meta name=\"twitter:card\" content=\"summary_large_image\" \/>\n<meta name=\"twitter:site\" content=\"@brunosanlaville\" \/>\n<meta name=\"twitter:label1\" content=\"Dur\u00e9e de lecture estim\u00e9e\" \/>\n\t<meta name=\"twitter:data1\" content=\"1 minute\" \/>\n<script type=\"application\/ld+json\" class=\"yoast-schema-graph\">{\"@context\":\"https:\/\/schema.org\",\"@graph\":[{\"@type\":\"WebPage\",\"@id\":\"https:\/\/www.bs-conseils.fr\/index.php\/a-propos\/\",\"url\":\"https:\/\/www.bs-conseils.fr\/index.php\/a-propos\/\",\"name\":\"A propos - BUSINESS STRAT\u00c9GIE CONSEILS\",\"isPartOf\":{\"@id\":\"https:\/\/www.bs-conseils.fr\/#website\"},\"primaryImageOfPage\":{\"@id\":\"https:\/\/www.bs-conseils.fr\/index.php\/a-propos\/#primaryimage\"},\"image\":{\"@id\":\"https:\/\/www.bs-conseils.fr\/index.php\/a-propos\/#primaryimage\"},\"thumbnailUrl\":\"http:\/\/www.bs-conseils.fr\/wp-content\/uploads\/2017\/05\/Medaille-Bruno-Charte-02-724x1024.jpg\",\"datePublished\":\"2017-05-25T20:16:37+00:00\",\"dateModified\":\"2020-05-31T16:38:58+00:00\",\"description\":\"Business Strat\u00e9gie Conseils, c'est une vision pragmatique du transport, de la logistique urbaine et du dernier kilom\u00e8tre dans le e-commerce et le retail.\",\"breadcrumb\":{\"@id\":\"https:\/\/www.bs-conseils.fr\/index.php\/a-propos\/#breadcrumb\"},\"inLanguage\":\"fr-FR\",\"potentialAction\":[{\"@type\":\"ReadAction\",\"target\":[\"https:\/\/www.bs-conseils.fr\/index.php\/a-propos\/\"]}]},{\"@type\":\"ImageObject\",\"inLanguage\":\"fr-FR\",\"@id\":\"https:\/\/www.bs-conseils.fr\/index.php\/a-propos\/#primaryimage\",\"url\":\"http:\/\/www.bs-conseils.fr\/wp-content\/uploads\/2017\/05\/Medaille-Bruno-Charte-02-724x1024.jpg\",\"contentUrl\":\"http:\/\/www.bs-conseils.fr\/wp-content\/uploads\/2017\/05\/Medaille-Bruno-Charte-02-724x1024.jpg\"},{\"@type\":\"BreadcrumbList\",\"@id\":\"https:\/\/www.bs-conseils.fr\/index.php\/a-propos\/#breadcrumb\",\"itemListElement\":[{\"@type\":\"ListItem\",\"position\":1,\"name\":\"Accueil\",\"item\":\"https:\/\/www.bs-conseils.fr\/\"},{\"@type\":\"ListItem\",\"position\":2,\"name\":\"A propos\"}]},{\"@type\":\"WebSite\",\"@id\":\"https:\/\/www.bs-conseils.fr\/#website\",\"url\":\"https:\/\/www.bs-conseils.fr\/\",\"name\":\"BUSINESS STRAT\u00c9GIE CONSEILS\",\"description\":\"Conseils en strat\u00e9gie dernier kilom\u00e8tre et logistique urbaine omnicanale dans les secteurs du E-commerce, du Retail et du Transport \u00e9coresponsable\",\"publisher\":{\"@id\":\"https:\/\/www.bs-conseils.fr\/#organization\"},\"potentialAction\":[{\"@type\":\"SearchAction\",\"target\":{\"@type\":\"EntryPoint\",\"urlTemplate\":\"https:\/\/www.bs-conseils.fr\/?s={search_term_string}\"},\"query-input\":{\"@type\":\"PropertyValueSpecification\",\"valueRequired\":true,\"valueName\":\"search_term_string\"}}],\"inLanguage\":\"fr-FR\"},{\"@type\":\"Organization\",\"@id\":\"https:\/\/www.bs-conseils.fr\/#organization\",\"name\":\"BUSINESS STRAT\u00c9GIE CONSEILS\",\"url\":\"https:\/\/www.bs-conseils.fr\/\",\"logo\":{\"@type\":\"ImageObject\",\"inLanguage\":\"fr-FR\",\"@id\":\"https:\/\/www.bs-conseils.fr\/#\/schema\/logo\/image\/\",\"url\":\"https:\/\/i0.wp.com\/www.bs-conseils.fr\/wp-content\/uploads\/2020\/07\/image.jpg?fit=640%2C640&ssl=1\",\"contentUrl\":\"https:\/\/i0.wp.com\/www.bs-conseils.fr\/wp-content\/uploads\/2020\/07\/image.jpg?fit=640%2C640&ssl=1\",\"width\":640,\"height\":640,\"caption\":\"BUSINESS STRAT\u00c9GIE CONSEILS\"},\"image\":{\"@id\":\"https:\/\/www.bs-conseils.fr\/#\/schema\/logo\/image\/\"},\"sameAs\":[\"https:\/\/www.facebook.com\/BusinessStrategieConseils\/\",\"https:\/\/x.com\/brunosanlaville\",\"https:\/\/www.instagram.com\/bsc_conseils\/\",\"https:\/\/www.linkedin.com\/company\/11130594\/\"]}]}<\/script>\n<!-- \/ Yoast SEO plugin. -->","yoast_head_json":{"title":"A propos - BUSINESS STRAT\u00c9GIE CONSEILS","description":"Business Strat\u00e9gie Conseils, c'est une vision pragmatique du transport, de la logistique urbaine et du dernier kilom\u00e8tre dans le e-commerce et le retail.","robots":{"index":"index","follow":"follow","max-snippet":"max-snippet:-1","max-image-preview":"max-image-preview:large","max-video-preview":"max-video-preview:-1"},"canonical":"https:\/\/www.bs-conseils.fr\/index.php\/a-propos\/","og_locale":"fr_FR","og_type":"article","og_title":"A propos - BUSINESS STRAT\u00c9GIE CONSEILS","og_description":"Business Strat\u00e9gie Conseils, c'est une vision pragmatique du transport, de la logistique urbaine et du dernier kilom\u00e8tre dans le e-commerce et le retail.","og_url":"https:\/\/www.bs-conseils.fr\/index.php\/a-propos\/","og_site_name":"BUSINESS STRAT\u00c9GIE CONSEILS","article_publisher":"https:\/\/www.facebook.com\/BusinessStrategieConseils\/","article_modified_time":"2020-05-31T16:38:58+00:00","og_image":[{"url":"http:\/\/www.bs-conseils.fr\/wp-content\/uploads\/2017\/05\/Medaille-Bruno-Charte-02-724x1024.jpg","type":"","width":"","height":""}],"twitter_card":"summary_large_image","twitter_site":"@brunosanlaville","twitter_misc":{"Dur\u00e9e de lecture estim\u00e9e":"1 minute"},"schema":{"@context":"https:\/\/schema.org","@graph":[{"@type":"WebPage","@id":"https:\/\/www.bs-conseils.fr\/index.php\/a-propos\/","url":"https:\/\/www.bs-conseils.fr\/index.php\/a-propos\/","name":"A propos - BUSINESS STRAT\u00c9GIE CONSEILS","isPartOf":{"@id":"https:\/\/www.bs-conseils.fr\/#website"},"primaryImageOfPage":{"@id":"https:\/\/www.bs-conseils.fr\/index.php\/a-propos\/#primaryimage"},"image":{"@id":"https:\/\/www.bs-conseils.fr\/index.php\/a-propos\/#primaryimage"},"thumbnailUrl":"http:\/\/www.bs-conseils.fr\/wp-content\/uploads\/2017\/05\/Medaille-Bruno-Charte-02-724x1024.jpg","datePublished":"2017-05-25T20:16:37+00:00","dateModified":"2020-05-31T16:38:58+00:00","description":"Business Strat\u00e9gie Conseils, c'est une vision pragmatique du transport, de la logistique urbaine et du dernier kilom\u00e8tre dans le e-commerce et le retail.","breadcrumb":{"@id":"https:\/\/www.bs-conseils.fr\/index.php\/a-propos\/#breadcrumb"},"inLanguage":"fr-FR","potentialAction":[{"@type":"ReadAction","target":["https:\/\/www.bs-conseils.fr\/index.php\/a-propos\/"]}]},{"@type":"ImageObject","inLanguage":"fr-FR","@id":"https:\/\/www.bs-conseils.fr\/index.php\/a-propos\/#primaryimage","url":"http:\/\/www.bs-conseils.fr\/wp-content\/uploads\/2017\/05\/Medaille-Bruno-Charte-02-724x1024.jpg","contentUrl":"http:\/\/www.bs-conseils.fr\/wp-content\/uploads\/2017\/05\/Medaille-Bruno-Charte-02-724x1024.jpg"},{"@type":"BreadcrumbList","@id":"https:\/\/www.bs-conseils.fr\/index.php\/a-propos\/#breadcrumb","itemListElement":[{"@type":"ListItem","position":1,"name":"Accueil","item":"https:\/\/www.bs-conseils.fr\/"},{"@type":"ListItem","position":2,"name":"A propos"}]},{"@type":"WebSite","@id":"https:\/\/www.bs-conseils.fr\/#website","url":"https:\/\/www.bs-conseils.fr\/","name":"BUSINESS STRAT\u00c9GIE CONSEILS","description":"Conseils en strat\u00e9gie dernier kilom\u00e8tre et logistique urbaine omnicanale dans les secteurs du E-commerce, du Retail et du Transport \u00e9coresponsable","publisher":{"@id":"https:\/\/www.bs-conseils.fr\/#organization"},"potentialAction":[{"@type":"SearchAction","target":{"@type":"EntryPoint","urlTemplate":"https:\/\/www.bs-conseils.fr\/?s={search_term_string}"},"query-input":{"@type":"PropertyValueSpecification","valueRequired":true,"valueName":"search_term_string"}}],"inLanguage":"fr-FR"},{"@type":"Organization","@id":"https:\/\/www.bs-conseils.fr\/#organization","name":"BUSINESS STRAT\u00c9GIE CONSEILS","url":"https:\/\/www.bs-conseils.fr\/","logo":{"@type":"ImageObject","inLanguage":"fr-FR","@id":"https:\/\/www.bs-conseils.fr\/#\/schema\/logo\/image\/","url":"https:\/\/i0.wp.com\/www.bs-conseils.fr\/wp-content\/uploads\/2020\/07\/image.jpg?fit=640%2C640&ssl=1","contentUrl":"https:\/\/i0.wp.com\/www.bs-conseils.fr\/wp-content\/uploads\/2020\/07\/image.jpg?fit=640%2C640&ssl=1","width":640,"height":640,"caption":"BUSINESS STRAT\u00c9GIE CONSEILS"},"image":{"@id":"https:\/\/www.bs-conseils.fr\/#\/schema\/logo\/image\/"},"sameAs":["https:\/\/www.facebook.com\/BusinessStrategieConseils\/","https:\/\/x.com\/brunosanlaville","https:\/\/www.instagram.com\/bsc_conseils\/","https:\/\/www.linkedin.com\/company\/11130594\/"]}]}},"jetpack_sharing_enabled":true,"jetpack_shortlink":"https:\/\/wp.me\/P8OKKa-1n","jetpack_likes_enabled":true,"jetpack-related-posts":[{"id":2,"url":"https:\/\/www.bs-conseils.fr\/","url_meta":{"origin":85,"position":0},"title":"Livraison dernier kilom\u00e8tre&nbsp;&nbsp;Conseils en strat\u00e9gie\u2026","author":"Bruno Sanlaville","date":"22 mai 2017","format":false,"excerpt":"Livraison dernier kilom\u00e8tre\u00a0\u00a0Conseils en strat\u00e9gie sp\u00e9cialis\u00e9e en logistique urbaine et dernier kilom\u00e8tre en e-commerce Conseils en Strat\u00e9gie Dernier Kilom\u00e8tre et Logistique Urbaine Omnicanal Pour prendre des d\u00e9cisions strat\u00e9giques efficaces et durables. Vision 360\u00b0 et pragmatique du transport et des livraisons bas\u00e9e sur l\u2019observation de l\u2019\u00e9volution du march\u00e9 et des besoins\u2026","rel":"","context":"Article similaire","block_context":{"text":"Article similaire","link":""},"img":{"alt_text":"","src":"https:\/\/i0.wp.com\/www.bs-conseils.fr\/wp-content\/uploads\/2020\/05\/BSC-Business-Strate%CC%81gie-Conseils-Bruno-Sanlaville-IMAGE-FB-.png?fit=1200%2C638&ssl=1&resize=350%2C200","width":350,"height":200,"srcset":"https:\/\/i0.wp.com\/www.bs-conseils.fr\/wp-content\/uploads\/2020\/05\/BSC-Business-Strate%CC%81gie-Conseils-Bruno-Sanlaville-IMAGE-FB-.png?fit=1200%2C638&ssl=1&resize=350%2C200 1x, https:\/\/i0.wp.com\/www.bs-conseils.fr\/wp-content\/uploads\/2020\/05\/BSC-Business-Strate%CC%81gie-Conseils-Bruno-Sanlaville-IMAGE-FB-.png?fit=1200%2C638&ssl=1&resize=525%2C300 1.5x, https:\/\/i0.wp.com\/www.bs-conseils.fr\/wp-content\/uploads\/2020\/05\/BSC-Business-Strate%CC%81gie-Conseils-Bruno-Sanlaville-IMAGE-FB-.png?fit=1200%2C638&ssl=1&resize=700%2C400 2x, https:\/\/i0.wp.com\/www.bs-conseils.fr\/wp-content\/uploads\/2020\/05\/BSC-Business-Strate%CC%81gie-Conseils-Bruno-Sanlaville-IMAGE-FB-.png?fit=1200%2C638&ssl=1&resize=1050%2C600 3x"},"classes":[]},{"id":4936,"url":"https:\/\/www.bs-conseils.fr\/index.php\/dernier-kilometre\/","url_meta":{"origin":85,"position":1},"title":"Dernier Kilom\u00e8tre","author":"Bruno Sanlaville","date":"31 mai 2020","format":false,"excerpt":"Dernier Kilom\u00e8tre & Logistique Urbaine Diagnostic du portefeuille d\u2019offre\/activit\u00e9Identification des axes strat\u00e9giques les plus pertinents Adaptation de la roadmap de la soci\u00e9t\u00e9 aux \u00e9volutions du march\u00e9, et anticipation des attentes de demain.Design de l\u2019organisation pour atteindre les objectifs \u00e0 court terme, moyen terme, et \u00e0 3 ans. Change management \/\u2026","rel":"","context":"Article similaire","block_context":{"text":"Article similaire","link":""},"img":{"alt_text":"","src":"https:\/\/i0.wp.com\/www.bs-conseils.fr\/wp-content\/uploads\/2020\/06\/Business-Strate%CC%81gie-Conseils-Dernier-Kilome%CC%80tre-Conseils-en-Strate%CC%81gie.png?resize=350%2C200&ssl=1","width":350,"height":200,"srcset":"https:\/\/i0.wp.com\/www.bs-conseils.fr\/wp-content\/uploads\/2020\/06\/Business-Strate%CC%81gie-Conseils-Dernier-Kilome%CC%80tre-Conseils-en-Strate%CC%81gie.png?resize=350%2C200&ssl=1 1x, https:\/\/i0.wp.com\/www.bs-conseils.fr\/wp-content\/uploads\/2020\/06\/Business-Strate%CC%81gie-Conseils-Dernier-Kilome%CC%80tre-Conseils-en-Strate%CC%81gie.png?resize=525%2C300&ssl=1 1.5x, https:\/\/i0.wp.com\/www.bs-conseils.fr\/wp-content\/uploads\/2020\/06\/Business-Strate%CC%81gie-Conseils-Dernier-Kilome%CC%80tre-Conseils-en-Strate%CC%81gie.png?resize=700%2C400&ssl=1 2x, https:\/\/i0.wp.com\/www.bs-conseils.fr\/wp-content\/uploads\/2020\/06\/Business-Strate%CC%81gie-Conseils-Dernier-Kilome%CC%80tre-Conseils-en-Strate%CC%81gie.png?resize=1050%2C600&ssl=1 3x"},"classes":[]},{"id":137,"url":"https:\/\/www.bs-conseils.fr\/index.php\/reseaux-sociaux\/","url_meta":{"origin":85,"position":2},"title":"R\u00e9seaux sociaux","author":"Bruno Sanlaville","date":"26 mai 2017","format":false,"excerpt":"Fil twitter de Bruno SANLAVILLE (@brunosanlaville), fondateur de BUSINESS STRAT\u00c9GIE CONSEILS. Tous les actualit\u00e9s du secteur du dernier kilom\u00e8tre dans le e-commerce et la logistique urbaine. Tweets by brunosanlaville","rel":"","context":"Article similaire","block_context":{"text":"Article similaire","link":""},"img":{"alt_text":"Twitter BUSINESS STRAT\u00c9GIE CONSEILS @brunosanlaville","src":"https:\/\/i0.wp.com\/www.bs-conseils.fr\/wp-content\/uploads\/2017\/05\/Twitter_logo_-300x70.png?resize=350%2C200","width":350,"height":200},"classes":[]},{"id":117,"url":"https:\/\/www.bs-conseils.fr\/index.php\/offre\/","url_meta":{"origin":85,"position":3},"title":"Domaine d&rsquo;interventions","author":"Bruno Sanlaville","date":"25 mai 2017","format":false,"excerpt":"BSC, en tant que prestataire ind\u00e9pendant, \u00a0intervient sur un certain nombre de prestations notamment autours de la logistique du DERNIER KILOM\u00c8TRE\u00a0du e-commerce ou du retail mais aussi sur un spectre plus large de probl\u00e9matiques sur le\u00a0DIGITAL (dont Marketing, Communication et e-business)\u00a0ou de L'INNOVATION MARCH\u00c9 et le\u00a0BUSINESS DEVELOPMENT\u00a0(strat\u00e9gie commerciale, partenariat et\u2026","rel":"","context":"Article similaire","block_context":{"text":"Article similaire","link":""},"img":{"alt_text":"","src":"https:\/\/i0.wp.com\/www.bs-conseils.fr\/wp-content\/uploads\/2020\/06\/Business-Strate%CC%81gie-Conseils-Dernier-Kilome%CC%80tre-Conseils-en-Strate%CC%81gie.png?resize=350%2C200&ssl=1","width":350,"height":200,"srcset":"https:\/\/i0.wp.com\/www.bs-conseils.fr\/wp-content\/uploads\/2020\/06\/Business-Strate%CC%81gie-Conseils-Dernier-Kilome%CC%80tre-Conseils-en-Strate%CC%81gie.png?resize=350%2C200&ssl=1 1x, https:\/\/i0.wp.com\/www.bs-conseils.fr\/wp-content\/uploads\/2020\/06\/Business-Strate%CC%81gie-Conseils-Dernier-Kilome%CC%80tre-Conseils-en-Strate%CC%81gie.png?resize=525%2C300&ssl=1 1.5x, https:\/\/i0.wp.com\/www.bs-conseils.fr\/wp-content\/uploads\/2020\/06\/Business-Strate%CC%81gie-Conseils-Dernier-Kilome%CC%80tre-Conseils-en-Strate%CC%81gie.png?resize=700%2C400&ssl=1 2x, https:\/\/i0.wp.com\/www.bs-conseils.fr\/wp-content\/uploads\/2020\/06\/Business-Strate%CC%81gie-Conseils-Dernier-Kilome%CC%80tre-Conseils-en-Strate%CC%81gie.png?resize=1050%2C600&ssl=1 3x"},"classes":[]},{"id":4976,"url":"https:\/\/www.bs-conseils.fr\/index.php\/presentation\/","url_meta":{"origin":85,"position":4},"title":"Curriculum vit\u00e6 du fondateur","author":"Bruno Sanlaville","date":"31 mai 2020","format":false,"excerpt":"Un parcours de 25 ans dans le secteur du transport et de la logistique urbaine Passionn\u00e9 par le digital, la e-logistique, l'e-commerce et l'innovation, avec + de 20 ans de parcours professionnel. A la fois acteur du changement digital et \u00ab poisson pilote \u00bb, il a structur\u00e9 et pilot\u00e9 l'offre\u2026","rel":"","context":"Article similaire","block_context":{"text":"Article similaire","link":""},"img":{"alt_text":"","src":"https:\/\/i0.wp.com\/www.bs-conseils.fr\/wp-content\/uploads\/2020\/10\/URBY.jpg?resize=350%2C200&ssl=1","width":350,"height":200,"srcset":"https:\/\/i0.wp.com\/www.bs-conseils.fr\/wp-content\/uploads\/2020\/10\/URBY.jpg?resize=350%2C200&ssl=1 1x, https:\/\/i0.wp.com\/www.bs-conseils.fr\/wp-content\/uploads\/2020\/10\/URBY.jpg?resize=525%2C300&ssl=1 1.5x"},"classes":[]},{"id":1133,"url":"https:\/\/www.bs-conseils.fr\/index.php\/articles\/","url_meta":{"origin":85,"position":5},"title":"Articles","author":"Bruno Sanlaville","date":"29 juillet 2017","format":false,"excerpt":"Tous les articles BUSINESS STRAT\u00c9GIE CONSEILS et l'actualit\u00e9 du dernier kilom\u00e8tre dans le e-commerce, la logistique urbaine et le retail.","rel":"","context":"Article similaire","block_context":{"text":"Article similaire","link":""},"img":{"alt_text":"","src":"","width":0,"height":0},"classes":[]}],"amp_enabled":true,"_links":{"self":[{"href":"https:\/\/www.bs-conseils.fr\/index.php\/wp-json\/wp\/v2\/pages\/85","targetHints":{"allow":["GET"]}}],"collection":[{"href":"https:\/\/www.bs-conseils.fr\/index.php\/wp-json\/wp\/v2\/pages"}],"about":[{"href":"https:\/\/www.bs-conseils.fr\/index.php\/wp-json\/wp\/v2\/types\/page"}],"author":[{"embeddable":true,"href":"https:\/\/www.bs-conseils.fr\/index.php\/wp-json\/wp\/v2\/users\/1"}],"replies":[{"embeddable":true,"href":"https:\/\/www.bs-conseils.fr\/index.php\/wp-json\/wp\/v2\/comments?post=85"}],"version-history":[{"count":87,"href":"https:\/\/www.bs-conseils.fr\/index.php\/wp-json\/wp\/v2\/pages\/85\/revisions"}],"predecessor-version":[{"id":5053,"href":"https:\/\/www.bs-conseils.fr\/index.php\/wp-json\/wp\/v2\/pages\/85\/revisions\/5053"}],"wp:attachment":[{"href":"https:\/\/www.bs-conseils.fr\/index.php\/wp-json\/wp\/v2\/media?parent=85"}],"curies":[{"name":"wp","href":"https:\/\/api.w.org\/{rel}","templated":true}]}}